{"id":3609,"date":"2019-09-09T19:52:28","date_gmt":"2019-09-09T17:52:28","guid":{"rendered":"https:\/\/rattio.es\/?post_type=product&#038;p=3609"},"modified":"2026-04-10T15:42:08","modified_gmt":"2026-04-10T13:42:08","slug":"cd-adala-borncelona","status":"publish","type":"product","link":"https:\/\/rattio.es\/ca\/adala\/cd-adala-borncelona\/","title":{"rendered":"CD Adala \u00abBorn\u00b7Cel\u00b7Ona\u00bb"},"content":{"rendered":"","protected":false},"excerpt":{"rendered":"<p id=\"tw-target-text\" class=\"tw-data-text tw-text-large tw-ta\" dir=\"ltr\" data-placeholder=\"Traducci\u00f3n\"><span lang=\"es\" tabindex=\"0\">La trilog\u00eda Born\u00b7Cel\u00b7Ona, un viaje por la evoluci\u00f3n del artista Adala en estos \u00faltimos a\u00f1os. Un nuevo discurso cr\u00edtico y esperanzador sobre la Barcelona que debe renacer de esta ciudad muerta.<\/span><\/p>","protected":false},"featured_media":153585,"template":"","meta":{"_acf_changed":false,"_uag_custom_page_level_css":"","site-sidebar-layout":"default","site-content-layout":"","ast-site-content-layout":"default","site-content-style":"default","site-sidebar-style":"default","ast-global-header-display":"","ast-banner-title-visibility":"","ast-main-header-display":"","ast-hfb-above-header-display":"","ast-hfb-below-header-display":"","ast-hfb-mobile-header-display":"","site-post-title":"","ast-breadcrumbs-content":"","ast-featured-img":"","footer-sml-layout":"","ast-disable-related-posts":"","theme-transparent-header-meta":"","adv-header-id-meta":"","stick-header-meta":"","header-above-stick-meta":"","header-main-stick-meta":"","header-below-stick-meta":"","astra-migrate-meta-layouts":"default","ast-page-background-enabled":"default","ast-page-background-meta":{"desktop":{"background-color":"var(--ast-global-color-5)","background-image":"","background-repeat":"repeat","background-position":"center center","background-size":"auto","background-attachment":"scroll","background-type":"","background-media":"","overlay-type":"","overlay-color":"","overlay-opacity":"","overlay-gradient":""},"tablet":{"background-color":"","background-image":"","background-repeat":"repeat","background-position":"center center","background-size":"auto","background-attachment":"scroll","background-type":"","background-media":"","overlay-type":"","overlay-color":"","overlay-opacity":"","overlay-gradient":""},"mobile":{"background-color":"","background-image":"","background-repeat":"repeat","background-position":"center center","background-size":"auto","background-attachment":"scroll","background-type":"","background-media":"","overlay-type":"","overlay-color":"","overlay-opacity":"","overlay-gradient":""}},"ast-content-background-meta":{"desktop":{"background-color":"var(--ast-global-color-4)","background-image":"","background-repeat":"repeat","background-position":"center center","background-size":"auto","background-attachment":"scroll","background-type":"","background-media":"","overlay-type":"","overlay-color":"","overlay-opacity":"","overlay-gradient":""},"tablet":{"background-color":"var(--ast-global-color-4)","background-image":"","background-repeat":"repeat","background-position":"center center","background-size":"auto","background-attachment":"scroll","background-type":"","background-media":"","overlay-type":"","overlay-color":"","overlay-opacity":"","overlay-gradient":""},"mobile":{"background-color":"var(--ast-global-color-4)","background-image":"","background-repeat":"repeat","background-position":"center center","background-size":"auto","background-attachment":"scroll","background-type":"","background-media":"","overlay-type":"","overlay-color":"","overlay-opacity":"","overlay-gradient":""}}},"product_brand":[242],"product_cat":[205],"product_tag":[],"class_list":{"0":"post-3609","1":"product","2":"type-product","3":"status-publish","4":"has-post-thumbnail","6":"product_brand-rattio","7":"product_cat-adala","8":"desktop-align-left","9":"tablet-align-left","10":"mobile-align-left","11":"ast-product-gallery-layout-vertical-slider","13":"first","14":"instock","15":"taxable","16":"shipping-taxable","17":"purchasable","18":"product-type-simple"},"composite_virtual":false,"composite_layout":"","composite_add_to_cart_form_location":"","composite_editable_in_cart":false,"composite_sold_individually_context":"","composite_shop_price_calc":"","composite_components":[],"composite_scenarios":[],"acf":[],"spectra_custom_meta":{"_edit_lock":["1670957579:13"],"_edit_last":["13"],"_thumbnail_id":["153585"],"_genesis_scripts_body_position":["bottom"],"_regular_price":["10"],"total_sales":["43"],"_tax_status":["taxable"],"_tax_class":[""],"_manage_stock":["yes"],"_backorders":["no"],"_sold_individually":["no"],"_virtual":["no"],"_downloadable":["no"],"_download_limit":["-1"],"_download_expiry":["-1"],"_stock":["17"],"_stock_status":["instock"],"_wc_average_rating":["0"],"_wc_review_count":["0"],"_product_version":["10.6.2"],"_price":["10"],"_product_image_gallery":["153586"],"post_grid_post_settings":["a:14:{s:9:\"post_skin\";s:4:\"flat\";s:19:\"custom_thumb_source\";s:89:\"https:\/\/rattio.es\/wp-content\/plugins\/post-grid\/assets\/frontend\/css\/images\/placeholder.png\";s:16:\"thumb_custom_url\";s:0:\"\";s:17:\"font_awesome_icon\";s:0:\"\";s:23:\"font_awesome_icon_color\";s:0:\"\";s:22:\"font_awesome_icon_size\";s:0:\"\";s:17:\"custom_youtube_id\";s:0:\"\";s:15:\"custom_vimeo_id\";s:0:\"\";s:21:\"custom_dailymotion_id\";s:0:\"\";s:14:\"custom_mp3_url\";s:0:\"\";s:20:\"custom_soundcloud_id\";s:0:\"\";s:16:\"custom_video_MP4\";s:0:\"\";s:16:\"custom_video_OGV\";s:0:\"\";s:17:\"custom_video_WEBM\";s:0:\"\";}"],"_yoast_wpseo_primary_product_cat":["205"],"_weight":["0.072"],"_atum_manage_stock":["yes"],"_wp_old_slug":["cd-adala-born%c2%b7cel%c2%b7ona"],"_yoast_wpseo_primary_atum_location":[""],"fb_product_group_id":["2831015073664909"],"fb_visibility":["1"],"rank_math_primary_product_cat":["205"],"rank_math_primary_atum_location":[""],"rank_math_news_sitemap_robots":["index"],"rank_math_robots":["a:1:{i:0;s:5:\"index\";}"],"_uag_css_file_name":["uag-css-3609.css"],"_uag_page_assets":["a:9:{s:3:\"css\";s:260:\".uag-blocks-common-selector{z-index:var(--z-index-desktop) !important}@media(max-width: 976px){.uag-blocks-common-selector{z-index:var(--z-index-tablet) !important}}@media(max-width: 767px){.uag-blocks-common-selector{z-index:var(--z-index-mobile) !important}}\";s:2:\"js\";s:0:\"\";s:18:\"current_block_list\";a:1:{i:0;s:26:\"polylang\/language-switcher\";}s:8:\"uag_flag\";b:0;s:11:\"uag_version\";s:10:\"1777478666\";s:6:\"gfonts\";a:0:{}s:10:\"gfonts_url\";s:0:\"\";s:12:\"gfonts_files\";a:0:{}s:14:\"uag_faq_layout\";b:0;}"]},"uagb_featured_image_src":{"full":["https:\/\/rattio.es\/wp-content\/uploads\/2019\/09\/adala-cd-borncelona-portada.webp",1080,1307,false],"thumbnail":["https:\/\/rattio.es\/wp-content\/uploads\/2019\/09\/adala-cd-borncelona-portada-124x150.webp",124,150,true],"medium":["https:\/\/rattio.es\/wp-content\/uploads\/2019\/09\/adala-cd-borncelona-portada-297x360.webp",297,360,true],"medium_large":["https:\/\/rattio.es\/wp-content\/uploads\/2019\/09\/adala-cd-borncelona-portada.webp",768,929,false],"large":["https:\/\/rattio.es\/wp-content\/uploads\/2019\/09\/adala-cd-borncelona-portada-578x700.webp",578,700,true],"1536x1536":["https:\/\/rattio.es\/wp-content\/uploads\/2019\/09\/adala-cd-borncelona-portada.webp",1080,1307,false],"2048x2048":["https:\/\/rattio.es\/wp-content\/uploads\/2019\/09\/adala-cd-borncelona-portada.webp",1080,1307,false],"trp-custom-language-flag":["https:\/\/rattio.es\/wp-content\/uploads\/2019\/09\/adala-cd-borncelona-portada.webp",10,12,false],"woocommerce_thumbnail":["https:\/\/rattio.es\/wp-content\/uploads\/2019\/09\/adala-cd-borncelona-portada-360x436.webp",360,436,true],"woocommerce_single":["https:\/\/rattio.es\/wp-content\/uploads\/2019\/09\/adala-cd-borncelona-portada-700x847.webp",700,847,true],"woocommerce_gallery_thumbnail":["https:\/\/rattio.es\/wp-content\/uploads\/2019\/09\/adala-cd-borncelona-portada-100x100.webp",100,100,true]},"uagb_author_info":{"display_name":"Ester V\u00e9rtigo","author_link":"https:\/\/rattio.es\/ca\/author\/"},"uagb_comment_info":0,"uagb_excerpt":"La trilog\u00eda Born\u00b7Cel\u00b7Ona, un viaje por la evoluci\u00f3n del artista Adala en estos \u00faltimos a\u00f1os. Un nuevo discurso cr\u00edtico y esperanzador sobre la Barcelona que debe renacer de esta ciudad muerta.","_links":{"self":[{"href":"https:\/\/rattio.es\/ca\/wp-json\/wp\/v2\/product\/3609","targetHints":{"allow":["GET"]}}],"collection":[{"href":"https:\/\/rattio.es\/ca\/wp-json\/wp\/v2\/product"}],"about":[{"href":"https:\/\/rattio.es\/ca\/wp-json\/wp\/v2\/types\/product"}],"wp:featuredmedia":[{"embeddable":true,"href":"https:\/\/rattio.es\/ca\/wp-json\/wp\/v2\/media\/153585"}],"wp:attachment":[{"href":"https:\/\/rattio.es\/ca\/wp-json\/wp\/v2\/media?parent=3609"}],"wp:term":[{"taxonomy":"product_brand","embeddable":true,"href":"https:\/\/rattio.es\/ca\/wp-json\/wp\/v2\/product_brand?post=3609"},{"taxonomy":"product_cat","embeddable":true,"href":"https:\/\/rattio.es\/ca\/wp-json\/wp\/v2\/product_cat?post=3609"},{"taxonomy":"product_tag","embeddable":true,"href":"https:\/\/rattio.es\/ca\/wp-json\/wp\/v2\/product_tag?post=3609"}],"curies":[{"name":"wp","href":"https:\/\/api.w.org\/{rel}","templated":true}]}}