{"id":3560,"date":"2019-09-09T18:48:06","date_gmt":"2019-09-09T16:48:06","guid":{"rendered":"https:\/\/rattio.es\/?post_type=product&#038;p=3560"},"modified":"2025-10-29T18:42:59","modified_gmt":"2025-10-29T17:42:59","slug":"cd-rapsusklei-insano-juicio-2","status":"publish","type":"product","link":"https:\/\/rattio.es\/ca\/rapsusklei\/cd-rapsusklei-insano-juicio-2\/","title":{"rendered":"CD Rapsusklei \u00abInsano Juicio\u00bb"},"content":{"rendered":"","protected":false},"excerpt":{"rendered":"<p><strong>\u201cInsano Juicio\u201d\u00a0<\/strong>(Eterno Miusik 2018).<\/p>\n<p>Un intimo EP lleno de versos profundos y referencias claras al dramatismo y la melancol\u00eda con un mensaje consciente y con ritmos tanto mel\u00f3dicos como devastadores.<\/p>\n<p>Con este EP Rapsus ha optado por colaboradores algo mas at\u00edpicos al circulo que nos tiene acostumbrados como las de los ya cl\u00e1sicos raperos latinoamericanos Akapellah o Rxnde Akozta, la voz desgarrada y llena de alma de Maka, o el peculiar estilo de El Ni\u00f1o de la hipoteca. Los scratches corren por cuenta de\u00a0 Acci\u00f3n Sanchez y Dj Cidtronick.<\/p>\n<p>La producciones corren a cargo de Acci\u00f3n S\u00e1nchez (SFDK), Hazhe, Dj Cidtronick, Antonio Torres Vega, Pulmon Beatbox y el propio Rapsusklei.<\/p>\n<p>Este corto pero gran EP esta grabado y mezclado en \u201cArt Space\u201d por Juan Carlos Santos y masterizado por Xavier Lek Farr\u00e9.<\/p>","protected":false},"featured_media":162685,"template":"","meta":{"_acf_changed":false,"_uag_custom_page_level_css":"","site-sidebar-layout":"default","site-content-layout":"","ast-site-content-layout":"default","site-content-style":"default","site-sidebar-style":"default","ast-global-header-display":"","ast-banner-title-visibility":"","ast-main-header-display":"","ast-hfb-above-header-display":"","ast-hfb-below-header-display":"","ast-hfb-mobile-header-display":"","site-post-title":"","ast-breadcrumbs-content":"","ast-featured-img":"","footer-sml-layout":"","ast-disable-related-posts":"","theme-transparent-header-meta":"default","adv-header-id-meta":"","stick-header-meta":"","header-above-stick-meta":"","header-main-stick-meta":"","header-below-stick-meta":"","astra-migrate-meta-layouts":"set","ast-page-background-enabled":"default","ast-page-background-meta":{"desktop":{"background-color":"var(--ast-global-color-5)","background-image":"","background-repeat":"repeat","background-position":"center center","background-size":"auto","background-attachment":"scroll","background-type":"","background-media":"","overlay-type":"","overlay-color":"","overlay-opacity":"","overlay-gradient":""},"tablet":{"background-color":"","background-image":"","background-repeat":"repeat","background-position":"center center","background-size":"auto","background-attachment":"scroll","background-type":"","background-media":"","overlay-type":"","overlay-color":"","overlay-opacity":"","overlay-gradient":""},"mobile":{"background-color":"","background-image":"","background-repeat":"repeat","background-position":"center center","background-size":"auto","background-attachment":"scroll","background-type":"","background-media":"","overlay-type":"","overlay-color":"","overlay-opacity":"","overlay-gradient":""}},"ast-content-background-meta":{"desktop":{"background-color":"var(--ast-global-color-4)","background-image":"","background-repeat":"repeat","background-position":"center center","background-size":"auto","background-attachment":"scroll","background-type":"","background-media":"","overlay-type":"","overlay-color":"","overlay-opacity":"","overlay-gradient":""},"tablet":{"background-color":"var(--ast-global-color-4)","background-image":"","background-repeat":"repeat","background-position":"center center","background-size":"auto","background-attachment":"scroll","background-type":"","background-media":"","overlay-type":"","overlay-color":"","overlay-opacity":"","overlay-gradient":""},"mobile":{"background-color":"var(--ast-global-color-4)","background-image":"","background-repeat":"repeat","background-position":"center center","background-size":"auto","background-attachment":"scroll","background-type":"","background-media":"","overlay-type":"","overlay-color":"","overlay-opacity":"","overlay-gradient":""}}},"product_brand":[242],"product_cat":[204],"product_tag":[],"class_list":{"0":"post-3560","1":"product","2":"type-product","3":"status-publish","4":"has-post-thumbnail","6":"product_brand-rattio","7":"product_cat-rapsusklei","8":"desktop-align-left","9":"tablet-align-left","10":"mobile-align-left","11":"ast-product-gallery-layout-vertical-slider","12":"ast-product-gallery-with-no-image","14":"first","15":"instock","16":"taxable","17":"shipping-taxable","18":"purchasable","19":"product-type-simple"},"composite_virtual":false,"composite_layout":"","composite_add_to_cart_form_location":"","composite_editable_in_cart":false,"composite_sold_individually_context":"","composite_shop_price_calc":"","composite_components":[],"composite_scenarios":[],"acf":[],"spectra_custom_meta":{"_edit_lock":["1761760105:13"],"_edit_last":["13"],"_thumbnail_id":["162685"],"_genesis_scripts_body_position":["bottom"],"_regular_price":["7"],"total_sales":["56"],"_tax_status":["taxable"],"_tax_class":[""],"_manage_stock":["no"],"_backorders":["no"],"_sold_individually":["no"],"_virtual":["no"],"_downloadable":["no"],"_download_limit":["-1"],"_download_expiry":["-1"],"_stock":[null],"_stock_status":["instock"],"_wc_average_rating":["0"],"_wc_review_count":["0"],"_product_version":["10.1.2"],"_price":["7"],"post_grid_post_settings":["a:14:{s:9:\"post_skin\";s:4:\"flat\";s:19:\"custom_thumb_source\";s:89:\"https:\/\/rattio.es\/wp-content\/plugins\/post-grid\/assets\/frontend\/css\/images\/placeholder.png\";s:16:\"thumb_custom_url\";s:0:\"\";s:17:\"font_awesome_icon\";s:0:\"\";s:23:\"font_awesome_icon_color\";s:0:\"\";s:22:\"font_awesome_icon_size\";s:0:\"\";s:17:\"custom_youtube_id\";s:0:\"\";s:15:\"custom_vimeo_id\";s:0:\"\";s:21:\"custom_dailymotion_id\";s:0:\"\";s:14:\"custom_mp3_url\";s:0:\"\";s:20:\"custom_soundcloud_id\";s:0:\"\";s:16:\"custom_video_MP4\";s:0:\"\";s:16:\"custom_video_OGV\";s:0:\"\";s:17:\"custom_video_WEBM\";s:0:\"\";}"],"_yoast_wpseo_primary_product_cat":["204"],"_weight":["0.072"],"_atum_manage_stock":["yes"],"_yoast_wpseo_primary_atum_location":[""],"fb_product_group_id":["3307657892613273"],"fb_visibility":["1"],"_yoast_wpseo_primary_product_brand":[""],"_yoast_wpseo_title":["\u25b7 %%title%% %%sep%% \u3010Rattio %%currentyear%% \u3011"],"_yoast_wpseo_estimated-reading-time-minutes":["1"],"rank_math_primary_product_cat":["204"],"rank_math_primary_atum_location":[""],"rank_math_primary_product_brand":["0"],"rank_math_title":["\u25b7 %title% %sep% \u3010Rattio %currentyear% \u3011"],"rank_math_news_sitemap_robots":["index"],"rank_math_robots":["a:1:{i:0;s:5:\"index\";}"],"rank_math_seo_score":["10"],"cmplz_hide_cookiebanner":[""],"site-sidebar-layout":["default"],"ast-site-content-layout":["default"],"site-content-style":["default"],"site-sidebar-style":["default"],"theme-transparent-header-meta":["default"],"astra-migrate-meta-layouts":["set"],"_uag_css_file_name":["uag-css-3560.css"],"_uag_page_assets":["a:9:{s:3:\"css\";s:0:\"\";s:2:\"js\";s:0:\"\";s:18:\"current_block_list\";a:1:{i:0;s:26:\"polylang\/language-switcher\";}s:8:\"uag_flag\";b:0;s:11:\"uag_version\";s:10:\"1777460169\";s:6:\"gfonts\";a:0:{}s:10:\"gfonts_url\";s:0:\"\";s:12:\"gfonts_files\";a:0:{}s:14:\"uag_faq_layout\";b:0;}"]},"uagb_featured_image_src":{"full":["https:\/\/rattio.es\/wp-content\/uploads\/2019\/09\/rapsusklei-cd-insano-juicio.webp",1080,1307,false],"thumbnail":["https:\/\/rattio.es\/wp-content\/uploads\/2019\/09\/rapsusklei-cd-insano-juicio-124x150.webp",124,150,true],"medium":["https:\/\/rattio.es\/wp-content\/uploads\/2019\/09\/rapsusklei-cd-insano-juicio-297x360.webp",297,360,true],"medium_large":["https:\/\/rattio.es\/wp-content\/uploads\/2019\/09\/rapsusklei-cd-insano-juicio.webp",768,929,false],"large":["https:\/\/rattio.es\/wp-content\/uploads\/2019\/09\/rapsusklei-cd-insano-juicio-578x700.webp",578,700,true],"1536x1536":["https:\/\/rattio.es\/wp-content\/uploads\/2019\/09\/rapsusklei-cd-insano-juicio.webp",1080,1307,false],"2048x2048":["https:\/\/rattio.es\/wp-content\/uploads\/2019\/09\/rapsusklei-cd-insano-juicio.webp",1080,1307,false],"trp-custom-language-flag":["https:\/\/rattio.es\/wp-content\/uploads\/2019\/09\/rapsusklei-cd-insano-juicio.webp",10,12,false],"woocommerce_thumbnail":["https:\/\/rattio.es\/wp-content\/uploads\/2019\/09\/rapsusklei-cd-insano-juicio-360x436.webp",360,436,true],"woocommerce_single":["https:\/\/rattio.es\/wp-content\/uploads\/2019\/09\/rapsusklei-cd-insano-juicio-700x847.webp",700,847,true],"woocommerce_gallery_thumbnail":["https:\/\/rattio.es\/wp-content\/uploads\/2019\/09\/rapsusklei-cd-insano-juicio-100x100.webp",100,100,true]},"uagb_author_info":{"display_name":"Ester V\u00e9rtigo","author_link":"https:\/\/rattio.es\/ca\/author\/"},"uagb_comment_info":0,"uagb_excerpt":"\u201cInsano Juicio\u201d\u00a0(Eterno Miusik 2018). Un intimo EP lleno de versos profundos y referencias claras al dramatismo y la melancol\u00eda con un mensaje consciente y con ritmos tanto mel\u00f3dicos como devastadores. Con este EP Rapsus ha optado por colaboradores algo mas at\u00edpicos al circulo que nos tiene acostumbrados como las de los ya cl\u00e1sicos raperos latinoamericanos&hellip;","_links":{"self":[{"href":"https:\/\/rattio.es\/ca\/wp-json\/wp\/v2\/product\/3560","targetHints":{"allow":["GET"]}}],"collection":[{"href":"https:\/\/rattio.es\/ca\/wp-json\/wp\/v2\/product"}],"about":[{"href":"https:\/\/rattio.es\/ca\/wp-json\/wp\/v2\/types\/product"}],"wp:featuredmedia":[{"embeddable":true,"href":"https:\/\/rattio.es\/ca\/wp-json\/wp\/v2\/media\/162685"}],"wp:attachment":[{"href":"https:\/\/rattio.es\/ca\/wp-json\/wp\/v2\/media?parent=3560"}],"wp:term":[{"taxonomy":"product_brand","embeddable":true,"href":"https:\/\/rattio.es\/ca\/wp-json\/wp\/v2\/product_brand?post=3560"},{"taxonomy":"product_cat","embeddable":true,"href":"https:\/\/rattio.es\/ca\/wp-json\/wp\/v2\/product_cat?post=3560"},{"taxonomy":"product_tag","embeddable":true,"href":"https:\/\/rattio.es\/ca\/wp-json\/wp\/v2\/product_tag?post=3560"}],"curies":[{"name":"wp","href":"https:\/\/api.w.org\/{rel}","templated":true}]}}