{"id":156799,"date":"2023-02-01T17:00:14","date_gmt":"2023-02-01T16:00:14","guid":{"rendered":"https:\/\/rattio.es\/?post_type=product&#038;p=156799"},"modified":"2023-05-17T19:23:16","modified_gmt":"2023-05-17T17:23:16","slug":"cd-work-in-class-edicion-digital","status":"publish","type":"product","link":"https:\/\/rattio.es\/ca\/ciniko-octavo-arte\/cd-work-in-class-edicion-digital\/","title":{"rendered":"CD \u00abWork in Class\u00bb EDICI\u00d3N DIGITAL"},"content":{"rendered":"","protected":false},"excerpt":{"rendered":"<p>Formato digital del trabajo de Ciniko <em>\u00abWork in Class\u00bb (Guspira Records, 2023).<\/em><\/p>","protected":false},"featured_media":156800,"template":"","meta":{"_acf_changed":false,"_uag_custom_page_level_css":"","site-sidebar-layout":"default","site-content-layout":"","ast-site-content-layout":"default","site-content-style":"default","site-sidebar-style":"default","ast-global-header-display":"","ast-banner-title-visibility":"","ast-main-header-display":"","ast-hfb-above-header-display":"","ast-hfb-below-header-display":"","ast-hfb-mobile-header-display":"","site-post-title":"","ast-breadcrumbs-content":"","ast-featured-img":"","footer-sml-layout":"","ast-disable-related-posts":"","theme-transparent-header-meta":"","adv-header-id-meta":"","stick-header-meta":"","header-above-stick-meta":"","header-main-stick-meta":"","header-below-stick-meta":"","astra-migrate-meta-layouts":"default","ast-page-background-enabled":"default","ast-page-background-meta":{"desktop":{"background-color":"var(--ast-global-color-5)","background-image":"","background-repeat":"repeat","background-position":"center center","background-size":"auto","background-attachment":"scroll","background-type":"","background-media":"","overlay-type":"","overlay-color":"","overlay-opacity":"","overlay-gradient":""},"tablet":{"background-color":"","background-image":"","background-repeat":"repeat","background-position":"center center","background-size":"auto","background-attachment":"scroll","background-type":"","background-media":"","overlay-type":"","overlay-color":"","overlay-opacity":"","overlay-gradient":""},"mobile":{"background-color":"","background-image":"","background-repeat":"repeat","background-position":"center center","background-size":"auto","background-attachment":"scroll","background-type":"","background-media":"","overlay-type":"","overlay-color":"","overlay-opacity":"","overlay-gradient":""}},"ast-content-background-meta":{"desktop":{"background-color":"var(--ast-global-color-4)","background-image":"","background-repeat":"repeat","background-position":"center center","background-size":"auto","background-attachment":"scroll","background-type":"","background-media":"","overlay-type":"","overlay-color":"","overlay-opacity":"","overlay-gradient":""},"tablet":{"background-color":"var(--ast-global-color-4)","background-image":"","background-repeat":"repeat","background-position":"center center","background-size":"auto","background-attachment":"scroll","background-type":"","background-media":"","overlay-type":"","overlay-color":"","overlay-opacity":"","overlay-gradient":""},"mobile":{"background-color":"var(--ast-global-color-4)","background-image":"","background-repeat":"repeat","background-position":"center center","background-size":"auto","background-attachment":"scroll","background-type":"","background-media":"","overlay-type":"","overlay-color":"","overlay-opacity":"","overlay-gradient":""}}},"product_brand":[],"product_cat":[239],"product_tag":[],"class_list":{"0":"post-156799","1":"product","2":"type-product","3":"status-publish","4":"has-post-thumbnail","6":"product_cat-ciniko-octavo-arte","7":"desktop-align-left","8":"tablet-align-left","9":"mobile-align-left","10":"ast-product-gallery-layout-vertical-slider","12":"first","13":"instock","14":"downloadable","15":"virtual","16":"taxable","17":"purchasable","18":"product-type-simple"},"composite_virtual":false,"composite_layout":"","composite_add_to_cart_form_location":"","composite_editable_in_cart":false,"composite_sold_individually_context":"","composite_shop_price_calc":"","composite_components":[],"composite_scenarios":[],"acf":[],"spectra_custom_meta":{"_edit_lock":["1686129430:13"],"_edit_last":["13"],"_thumbnail_id":["156800"],"_genesis_scripts_body_position":["bottom"],"_regular_price":["8"],"total_sales":["41"],"_tax_status":["taxable"],"_tax_class":[""],"_manage_stock":["no"],"_backorders":["no"],"_sold_individually":["no"],"_virtual":["yes"],"_downloadable":["yes"],"_download_limit":["-1"],"_download_expiry":["-1"],"_stock":[null],"_stock_status":["instock"],"_wc_average_rating":["0"],"_wc_review_count":["0"],"_product_version":["7.7.0"],"_price":["8"],"_product_image_gallery":["156801"],"_downloadable_files":["a:13:{s:36:\"6ddf82fd-4e27-4c15-9882-df05d55ac6dc\";a:3:{s:2:\"id\";s:36:\"6ddf82fd-4e27-4c15-9882-df05d55ac6dc\";s:4:\"name\";s:23:\"Carta de agradecimiento\";s:4:\"file\";s:96:\"https:\/\/rattio.es\/wp-content\/uploads\/woocommerce_uploads\/2023\/02\/Carta-agradecimiento-q0xl1o.pdf\";}s:36:\"2bb1de6e-e57b-490b-91b8-714ea79c41ee\";a:3:{s:2:\"id\";s:36:\"2bb1de6e-e57b-490b-91b8-714ea79c41ee\";s:4:\"name\";s:27:\"01. Rapeando (Prod. Xinkoa)\";s:4:\"file\";s:101:\"https:\/\/rattio.es\/wp-content\/uploads\/woocommerce_uploads\/2023\/02\/01.-Rapeando-Prod.-Xinkoa-ywsfpd.wav\";}s:36:\"3f7c7e35-b084-4e99-86d3-2053f1b5113a\";a:3:{s:2:\"id\";s:36:\"3f7c7e35-b084-4e99-86d3-2053f1b5113a\";s:4:\"name\";s:35:\"02. Padre de familia (Prod. Xinkoa)\";s:4:\"file\";s:109:\"https:\/\/rattio.es\/wp-content\/uploads\/woocommerce_uploads\/2023\/02\/02.-Padre-de-familia-Prod.-Xinkoa-flyer6.wav\";}s:36:\"cce37655-c578-45ab-8c99-522411bd55ea\";a:3:{s:2:\"id\";s:36:\"cce37655-c578-45ab-8c99-522411bd55ea\";s:4:\"name\";s:21:\"03. Suena fant\u00e1stico\";s:4:\"file\";s:96:\"https:\/\/rattio.es\/wp-content\/uploads\/woocommerce_uploads\/2023\/02\/03.-Suena-fantastico-gnif44.wav\";}s:36:\"0a8175dd-5eb3-400f-b540-3649323e0bd3\";a:3:{s:2:\"id\";s:36:\"0a8175dd-5eb3-400f-b540-3649323e0bd3\";s:4:\"name\";s:51:\"04. Pit\u00e1goras Feat. Tit\u00f3 Falsalarma (Prod. Tit\u00f3)\";s:4:\"file\";s:122:\"https:\/\/rattio.es\/wp-content\/uploads\/woocommerce_uploads\/2023\/02\/04.-Pitagoras-Feat.-Tito-Falsalarma-Prod.-Tito-4ewl3v.wav\";}s:36:\"4d6bf191-4ef1-406f-9000-efc54093500b\";a:3:{s:2:\"id\";s:36:\"4d6bf191-4ef1-406f-9000-efc54093500b\";s:4:\"name\";s:31:\"05. Pico y pala (Prod. Volk GZ)\";s:4:\"file\";s:105:\"https:\/\/rattio.es\/wp-content\/uploads\/woocommerce_uploads\/2023\/02\/05.-Pico-y-pala-Prod.-Volk-GZ-htgmxe.wav\";}s:36:\"9b10a674-5893-41c0-a6e4-f713ed3c8e20\";a:3:{s:2:\"id\";s:36:\"9b10a674-5893-41c0-a6e4-f713ed3c8e20\";s:4:\"name\";s:32:\"06. Lo que somos (Prod. Volk GZ)\";s:4:\"file\";s:106:\"https:\/\/rattio.es\/wp-content\/uploads\/woocommerce_uploads\/2023\/02\/06.-Lo-que-somos-Prod.-Volk-GZ-44n1ll.wav\";}s:36:\"25a3970d-ea5c-4d30-a2e7-5a16397fbd17\";a:3:{s:2:\"id\";s:36:\"25a3970d-ea5c-4d30-a2e7-5a16397fbd17\";s:4:\"name\";s:40:\"07. Black flag feat. Acros (Prod. Acros)\";s:4:\"file\";s:114:\"https:\/\/rattio.es\/wp-content\/uploads\/woocommerce_uploads\/2023\/02\/07.-Black-flag-feat.-Acros-Prod.-Acros-lxgdy5.wav\";}s:36:\"24034417-e4b7-468f-82a0-17a4190e9154\";a:3:{s:2:\"id\";s:36:\"24034417-e4b7-468f-82a0-17a4190e9154\";s:4:\"name\";s:33:\"08. La boca (Prod. Fliyiyo Music)\";s:4:\"file\";s:107:\"https:\/\/rattio.es\/wp-content\/uploads\/woocommerce_uploads\/2023\/02\/08.-La-boca-Prod.-Fliyiyo-Music-tc10nt.wav\";}s:36:\"24e1f4d7-250f-4a1d-8252-cfd72a63d73b\";a:3:{s:2:\"id\";s:36:\"24e1f4d7-250f-4a1d-8252-cfd72a63d73b\";s:4:\"name\";s:32:\"09. What the shit (Prod. Xinkoa)\";s:4:\"file\";s:106:\"https:\/\/rattio.es\/wp-content\/uploads\/woocommerce_uploads\/2023\/02\/09.-What-the-shit-Prod.-Xinkoa-npaynr.wav\";}s:36:\"bd5a80a6-7475-478d-a1e8-d060697f762d\";a:3:{s:2:\"id\";s:36:\"bd5a80a6-7475-478d-a1e8-d060697f762d\";s:4:\"name\";s:36:\"10. Ni dios nos salva (Prod. Xinkoa)\";s:4:\"file\";s:110:\"https:\/\/rattio.es\/wp-content\/uploads\/woocommerce_uploads\/2023\/02\/10.-Ni-dios-nos-salva-Prod.-Xinkoa-wmyyvr.wav\";}s:36:\"4ee7e806-5a4e-404e-a9a0-1c354fb4abf4\";a:3:{s:2:\"id\";s:36:\"4ee7e806-5a4e-404e-a9a0-1c354fb4abf4\";s:4:\"name\";s:58:\"11. Hasta el cuello Feat. Maldito Maldows (Prod. Argibtzz)\";s:4:\"file\";s:132:\"https:\/\/rattio.es\/wp-content\/uploads\/woocommerce_uploads\/2023\/02\/11.-Hasta-el-cuello-Feat.-Maldito-Maldows-Prod.-Argibtzz-ii3hij.wav\";}s:36:\"6ff9e10b-64fa-4cc4-81d4-65d7d407672c\";a:3:{s:2:\"id\";s:36:\"6ff9e10b-64fa-4cc4-81d4-65d7d407672c\";s:4:\"name\";s:24:\"12. Noria (Prod. Xinkoa)\";s:4:\"file\";s:98:\"https:\/\/rattio.es\/wp-content\/uploads\/woocommerce_uploads\/2023\/02\/12.-Noria-Prod.-Xinkoa-qbt4lw.wav\";}}"],"_yoast_wpseo_primary_product_cat":["239"],"rank_math_primary_product_cat":["239"],"rank_math_news_sitemap_robots":["index"],"rank_math_robots":["a:1:{i:0;s:5:\"index\";}"],"_uag_css_file_name":["uag-css-156799.css"]},"uagb_featured_image_src":{"full":["https:\/\/rattio.es\/wp-content\/uploads\/2023\/02\/ciniko-disco-work-in-class-portada.webp",1080,1307,false],"thumbnail":["https:\/\/rattio.es\/wp-content\/uploads\/2023\/02\/ciniko-disco-work-in-class-portada-124x150.webp",124,150,true],"medium":["https:\/\/rattio.es\/wp-content\/uploads\/2023\/02\/ciniko-disco-work-in-class-portada-297x360.webp",297,360,true],"medium_large":["https:\/\/rattio.es\/wp-content\/uploads\/2023\/02\/ciniko-disco-work-in-class-portada.webp",768,929,false],"large":["https:\/\/rattio.es\/wp-content\/uploads\/2023\/02\/ciniko-disco-work-in-class-portada-578x700.webp",578,700,true],"1536x1536":["https:\/\/rattio.es\/wp-content\/uploads\/2023\/02\/ciniko-disco-work-in-class-portada.webp",1080,1307,false],"2048x2048":["https:\/\/rattio.es\/wp-content\/uploads\/2023\/02\/ciniko-disco-work-in-class-portada.webp",1080,1307,false],"trp-custom-language-flag":["https:\/\/rattio.es\/wp-content\/uploads\/2023\/02\/ciniko-disco-work-in-class-portada.webp",10,12,false],"woocommerce_thumbnail":["https:\/\/rattio.es\/wp-content\/uploads\/2023\/02\/ciniko-disco-work-in-class-portada-360x436.webp",360,436,true],"woocommerce_single":["https:\/\/rattio.es\/wp-content\/uploads\/2023\/02\/ciniko-disco-work-in-class-portada-700x847.webp",700,847,true],"woocommerce_gallery_thumbnail":["https:\/\/rattio.es\/wp-content\/uploads\/2023\/02\/ciniko-disco-work-in-class-portada-100x100.webp",100,100,true]},"uagb_author_info":{"display_name":"Ester V\u00e9rtigo","author_link":"https:\/\/rattio.es\/ca\/author\/"},"uagb_comment_info":0,"uagb_excerpt":"Formato digital del trabajo de Ciniko \"Work in Class\" (Guspira Records, 2023).","_links":{"self":[{"href":"https:\/\/rattio.es\/ca\/wp-json\/wp\/v2\/product\/156799","targetHints":{"allow":["GET"]}}],"collection":[{"href":"https:\/\/rattio.es\/ca\/wp-json\/wp\/v2\/product"}],"about":[{"href":"https:\/\/rattio.es\/ca\/wp-json\/wp\/v2\/types\/product"}],"wp:featuredmedia":[{"embeddable":true,"href":"https:\/\/rattio.es\/ca\/wp-json\/wp\/v2\/media\/156800"}],"wp:attachment":[{"href":"https:\/\/rattio.es\/ca\/wp-json\/wp\/v2\/media?parent=156799"}],"wp:term":[{"taxonomy":"product_brand","embeddable":true,"href":"https:\/\/rattio.es\/ca\/wp-json\/wp\/v2\/product_brand?post=156799"},{"taxonomy":"product_cat","embeddable":true,"href":"https:\/\/rattio.es\/ca\/wp-json\/wp\/v2\/product_cat?post=156799"},{"taxonomy":"product_tag","embeddable":true,"href":"https:\/\/rattio.es\/ca\/wp-json\/wp\/v2\/product_tag?post=156799"}],"curies":[{"name":"wp","href":"https:\/\/api.w.org\/{rel}","templated":true}]}}