{"id":156504,"date":"2022-12-19T19:37:05","date_gmt":"2022-12-19T18:37:05","guid":{"rendered":"https:\/\/rattio.es\/?post_type=product&#038;p=156504"},"modified":"2024-06-18T22:40:08","modified_gmt":"2024-06-18T20:40:08","slug":"bossa-aire","status":"publish","type":"product","link":"https:\/\/rattio.es\/ca\/adala\/bossa-aire\/","title":{"rendered":"Bossa \u00abAire\u00bb"},"content":{"rendered":"","protected":false},"excerpt":{"rendered":"<blockquote><p>Bossa de cot\u00f3 100% de 200gr, fet que la fa molt resistent.<br \/>\nSerigrafiades a m\u00e0 a 4 tintes amb la il.lustraci\u00f3 de la can\u00e7\u00f3 d&#8217;Aire<\/p><\/blockquote>\n<p><strong>Important: s&#8217;ha de rentar a m\u00e0.<\/strong><\/p>","protected":false},"featured_media":156571,"template":"","meta":{"_acf_changed":false,"_uag_custom_page_level_css":"","site-sidebar-layout":"default","site-content-layout":"","ast-site-content-layout":"default","site-content-style":"default","site-sidebar-style":"default","ast-global-header-display":"","ast-banner-title-visibility":"","ast-main-header-display":"","ast-hfb-above-header-display":"","ast-hfb-below-header-display":"","ast-hfb-mobile-header-display":"","site-post-title":"","ast-breadcrumbs-content":"","ast-featured-img":"","footer-sml-layout":"","ast-disable-related-posts":"","theme-transparent-header-meta":"","adv-header-id-meta":"","stick-header-meta":"","header-above-stick-meta":"","header-main-stick-meta":"","header-below-stick-meta":"","astra-migrate-meta-layouts":"default","ast-page-background-enabled":"default","ast-page-background-meta":{"desktop":{"background-color":"var(--ast-global-color-5)","background-image":"","background-repeat":"repeat","background-position":"center center","background-size":"auto","background-attachment":"scroll","background-type":"","background-media":"","overlay-type":"","overlay-color":"","overlay-opacity":"","overlay-gradient":""},"tablet":{"background-color":"","background-image":"","background-repeat":"repeat","background-position":"center center","background-size":"auto","background-attachment":"scroll","background-type":"","background-media":"","overlay-type":"","overlay-color":"","overlay-opacity":"","overlay-gradient":""},"mobile":{"background-color":"","background-image":"","background-repeat":"repeat","background-position":"center center","background-size":"auto","background-attachment":"scroll","background-type":"","background-media":"","overlay-type":"","overlay-color":"","overlay-opacity":"","overlay-gradient":""}},"ast-content-background-meta":{"desktop":{"background-color":"var(--ast-global-color-4)","background-image":"","background-repeat":"repeat","background-position":"center center","background-size":"auto","background-attachment":"scroll","background-type":"","background-media":"","overlay-type":"","overlay-color":"","overlay-opacity":"","overlay-gradient":""},"tablet":{"background-color":"var(--ast-global-color-4)","background-image":"","background-repeat":"repeat","background-position":"center center","background-size":"auto","background-attachment":"scroll","background-type":"","background-media":"","overlay-type":"","overlay-color":"","overlay-opacity":"","overlay-gradient":""},"mobile":{"background-color":"var(--ast-global-color-4)","background-image":"","background-repeat":"repeat","background-position":"center center","background-size":"auto","background-attachment":"scroll","background-type":"","background-media":"","overlay-type":"","overlay-color":"","overlay-opacity":"","overlay-gradient":""}}},"product_brand":[],"product_cat":[205],"product_tag":[],"class_list":{"0":"post-156504","1":"product","2":"type-product","3":"status-publish","4":"has-post-thumbnail","6":"product_cat-adala","7":"desktop-align-left","8":"tablet-align-left","9":"mobile-align-left","10":"ast-product-gallery-layout-vertical-slider","12":"first","13":"outofstock","14":"taxable","15":"shipping-taxable","16":"purchasable","17":"product-type-simple"},"composite_virtual":false,"composite_layout":"","composite_add_to_cart_form_location":"","composite_editable_in_cart":false,"composite_sold_individually_context":"","composite_shop_price_calc":"","composite_components":[],"composite_scenarios":[],"acf":[],"spectra_custom_meta":{"_edit_lock":["1693384943:13"],"_edit_last":["13"],"_genesis_scripts_body_position":["bottom"],"total_sales":["15"],"_tax_status":["taxable"],"_tax_class":[""],"_manage_stock":["yes"],"_backorders":["no"],"_sold_individually":["no"],"_virtual":["no"],"_downloadable":["no"],"_download_limit":["-1"],"_download_expiry":["-1"],"_stock":["0"],"_stock_status":["outofstock"],"_wc_average_rating":["0"],"_wc_review_count":["0"],"_product_version":["7.7.0"],"_product_image_gallery":["156573,156572"],"_regular_price":["15"],"_price":["15"],"_yoast_wpseo_primary_product_cat":["205"],"_thumbnail_id":["156571"],"_yoast_wpseo_primary_product_brand":[""],"_yoast_wpseo_title":["\u25b7 %%title%% %%sep%% \u3010Rattio %%currentyear%% \u3011"],"_yoast_wpseo_estimated-reading-time-minutes":["0"],"_yoast_wpseo_wordproof_timestamp":[""],"no_of_subscribers":["2"],"rank_math_primary_product_cat":["205"],"rank_math_primary_product_brand":[""],"rank_math_title":["\u25b7 %title% %sep% \u3010Rattio %currentyear% \u3011"],"rank_math_news_sitemap_robots":["index"],"rank_math_robots":["a:1:{i:0;s:5:\"index\";}"],"_uag_css_file_name":["uag-css-156504.css"]},"uagb_featured_image_src":{"full":["https:\/\/rattio.es\/wp-content\/uploads\/2022\/12\/adala-totebag-klima.webp",1080,1307,false],"thumbnail":["https:\/\/rattio.es\/wp-content\/uploads\/2022\/12\/adala-totebag-klima-124x150.webp",124,150,true],"medium":["https:\/\/rattio.es\/wp-content\/uploads\/2022\/12\/adala-totebag-klima-297x360.webp",297,360,true],"medium_large":["https:\/\/rattio.es\/wp-content\/uploads\/2022\/12\/adala-totebag-klima.webp",768,929,false],"large":["https:\/\/rattio.es\/wp-content\/uploads\/2022\/12\/adala-totebag-klima-578x700.webp",578,700,true],"1536x1536":["https:\/\/rattio.es\/wp-content\/uploads\/2022\/12\/adala-totebag-klima.webp",1080,1307,false],"2048x2048":["https:\/\/rattio.es\/wp-content\/uploads\/2022\/12\/adala-totebag-klima.webp",1080,1307,false],"trp-custom-language-flag":["https:\/\/rattio.es\/wp-content\/uploads\/2022\/12\/adala-totebag-klima.webp",10,12,false],"woocommerce_thumbnail":["https:\/\/rattio.es\/wp-content\/uploads\/2022\/12\/adala-totebag-klima-360x436.webp",360,436,true],"woocommerce_single":["https:\/\/rattio.es\/wp-content\/uploads\/2022\/12\/adala-totebag-klima-700x847.webp",700,847,true],"woocommerce_gallery_thumbnail":["https:\/\/rattio.es\/wp-content\/uploads\/2022\/12\/adala-totebag-klima-100x100.webp",100,100,true]},"uagb_author_info":{"display_name":"Ester V\u00e9rtigo","author_link":"https:\/\/rattio.es\/ca\/author\/"},"uagb_comment_info":0,"uagb_excerpt":"Bossa de cot\u00f3 100% de 200gr, fet que la fa molt resistent. Serigrafiades a m\u00e0 a 4 tintes amb la il.lustraci\u00f3 de la can\u00e7\u00f3 d'Aire Important: s'ha de rentar a m\u00e0.","_links":{"self":[{"href":"https:\/\/rattio.es\/ca\/wp-json\/wp\/v2\/product\/156504","targetHints":{"allow":["GET"]}}],"collection":[{"href":"https:\/\/rattio.es\/ca\/wp-json\/wp\/v2\/product"}],"about":[{"href":"https:\/\/rattio.es\/ca\/wp-json\/wp\/v2\/types\/product"}],"wp:featuredmedia":[{"embeddable":true,"href":"https:\/\/rattio.es\/ca\/wp-json\/wp\/v2\/media\/156571"}],"wp:attachment":[{"href":"https:\/\/rattio.es\/ca\/wp-json\/wp\/v2\/media?parent=156504"}],"wp:term":[{"taxonomy":"product_brand","embeddable":true,"href":"https:\/\/rattio.es\/ca\/wp-json\/wp\/v2\/product_brand?post=156504"},{"taxonomy":"product_cat","embeddable":true,"href":"https:\/\/rattio.es\/ca\/wp-json\/wp\/v2\/product_cat?post=156504"},{"taxonomy":"product_tag","embeddable":true,"href":"https:\/\/rattio.es\/ca\/wp-json\/wp\/v2\/product_tag?post=156504"}],"curies":[{"name":"wp","href":"https:\/\/api.w.org\/{rel}","templated":true}]}}