{"id":156496,"date":"2022-12-19T19:36:03","date_gmt":"2022-12-19T18:36:03","guid":{"rendered":"https:\/\/rattio.es\/?post_type=product&#038;p=156496"},"modified":"2023-11-16T18:31:17","modified_gmt":"2023-11-16T17:31:17","slug":"dessuadora-urras","status":"publish","type":"product","link":"https:\/\/rattio.es\/ca\/adala\/dessuadora-urras\/","title":{"rendered":"Dessuadora \u00abUrras\u00bb"},"content":{"rendered":"","protected":false},"excerpt":{"rendered":"<p style=\"padding-left: 40px;\">Dessuadores color sorra serigrafiades a m\u00e0 i a 3 tintes, amb la il.lustraci\u00f3 de la can\u00e7\u00f3 d&#8217;Urras a la part posterior i \u00abKlima\u00bb al pit.<\/p>","protected":false},"featured_media":156568,"template":"","meta":{"_acf_changed":false,"_uag_custom_page_level_css":"","site-sidebar-layout":"default","site-content-layout":"","ast-site-content-layout":"default","site-content-style":"default","site-sidebar-style":"default","ast-global-header-display":"","ast-banner-title-visibility":"","ast-main-header-display":"","ast-hfb-above-header-display":"","ast-hfb-below-header-display":"","ast-hfb-mobile-header-display":"","site-post-title":"","ast-breadcrumbs-content":"","ast-featured-img":"","footer-sml-layout":"","ast-disable-related-posts":"","theme-transparent-header-meta":"","adv-header-id-meta":"","stick-header-meta":"","header-above-stick-meta":"","header-main-stick-meta":"","header-below-stick-meta":"","astra-migrate-meta-layouts":"default","ast-page-background-enabled":"default","ast-page-background-meta":{"desktop":{"background-color":"var(--ast-global-color-5)","background-image":"","background-repeat":"repeat","background-position":"center center","background-size":"auto","background-attachment":"scroll","background-type":"","background-media":"","overlay-type":"","overlay-color":"","overlay-opacity":"","overlay-gradient":""},"tablet":{"background-color":"","background-image":"","background-repeat":"repeat","background-position":"center center","background-size":"auto","background-attachment":"scroll","background-type":"","background-media":"","overlay-type":"","overlay-color":"","overlay-opacity":"","overlay-gradient":""},"mobile":{"background-color":"","background-image":"","background-repeat":"repeat","background-position":"center center","background-size":"auto","background-attachment":"scroll","background-type":"","background-media":"","overlay-type":"","overlay-color":"","overlay-opacity":"","overlay-gradient":""}},"ast-content-background-meta":{"desktop":{"background-color":"var(--ast-global-color-4)","background-image":"","background-repeat":"repeat","background-position":"center center","background-size":"auto","background-attachment":"scroll","background-type":"","background-media":"","overlay-type":"","overlay-color":"","overlay-opacity":"","overlay-gradient":""},"tablet":{"background-color":"var(--ast-global-color-4)","background-image":"","background-repeat":"repeat","background-position":"center center","background-size":"auto","background-attachment":"scroll","background-type":"","background-media":"","overlay-type":"","overlay-color":"","overlay-opacity":"","overlay-gradient":""},"mobile":{"background-color":"var(--ast-global-color-4)","background-image":"","background-repeat":"repeat","background-position":"center center","background-size":"auto","background-attachment":"scroll","background-type":"","background-media":"","overlay-type":"","overlay-color":"","overlay-opacity":"","overlay-gradient":""}}},"product_brand":[],"product_cat":[205],"product_tag":[],"class_list":{"0":"post-156496","1":"product","2":"type-product","3":"status-publish","4":"has-post-thumbnail","6":"product_cat-adala","7":"desktop-align-left","8":"tablet-align-left","9":"mobile-align-left","10":"ast-product-gallery-layout-vertical-slider","11":"ast-product-single-variable","13":"first","14":"instock","15":"taxable","16":"shipping-taxable","17":"purchasable","18":"product-type-variable"},"composite_virtual":false,"composite_layout":"","composite_add_to_cart_form_location":"","composite_editable_in_cart":false,"composite_sold_individually_context":"","composite_shop_price_calc":"","composite_components":[],"composite_scenarios":[],"acf":[],"spectra_custom_meta":{"_edit_lock":["1693385228:13"],"_edit_last":["13"],"_genesis_scripts_body_position":["bottom"],"total_sales":["36"],"_tax_status":["taxable"],"_tax_class":[""],"_manage_stock":["no"],"_backorders":["no"],"_sold_individually":["no"],"_virtual":["no"],"_downloadable":["no"],"_download_limit":["-1"],"_download_expiry":["-1"],"_stock":[null],"_stock_status":["instock"],"_wc_average_rating":["0"],"_wc_review_count":["0"],"_product_version":["7.7.0"],"_product_image_gallery":["156570,156569"],"_product_attributes":["a:1:{s:8:\"pa_talla\";a:6:{s:4:\"name\";s:8:\"pa_talla\";s:5:\"value\";s:0:\"\";s:8:\"position\";i:0;s:10:\"is_visible\";i:1;s:12:\"is_variation\";i:1;s:11:\"is_taxonomy\";i:1;}}"],"_yoast_wpseo_primary_product_cat":["205"],"_thumbnail_id":["156568"],"no_of_subscribers":["27"],"_yoast_wpseo_primary_product_brand":[""],"_yoast_wpseo_title":["\u25b7 %%title%% %%sep%% \u3010Rattio %%currentyear%% \u3011"],"_yoast_wpseo_estimated-reading-time-minutes":["0"],"_yoast_wpseo_wordproof_timestamp":[""],"_price":["30"],"rank_math_primary_product_cat":["205"],"rank_math_primary_product_brand":[""],"rank_math_title":["\u25b7 %title% %sep% \u3010Rattio %currentyear% \u3011"],"rank_math_news_sitemap_robots":["index"],"rank_math_robots":["a:1:{i:0;s:5:\"index\";}"],"_uag_css_file_name":["uag-css-156496.css"],"_uag_page_assets":["a:9:{s:3:\"css\";s:0:\"\";s:2:\"js\";s:0:\"\";s:18:\"current_block_list\";a:1:{i:0;s:26:\"polylang\/language-switcher\";}s:8:\"uag_flag\";b:0;s:11:\"uag_version\";s:10:\"1777471430\";s:6:\"gfonts\";a:0:{}s:10:\"gfonts_url\";s:0:\"\";s:12:\"gfonts_files\";a:0:{}s:14:\"uag_faq_layout\";b:0;}"]},"uagb_featured_image_src":{"full":["https:\/\/rattio.es\/wp-content\/uploads\/2022\/12\/adala-dessuadora-klima-darrere.webp",1080,1307,false],"thumbnail":["https:\/\/rattio.es\/wp-content\/uploads\/2022\/12\/adala-dessuadora-klima-darrere-124x150.webp",124,150,true],"medium":["https:\/\/rattio.es\/wp-content\/uploads\/2022\/12\/adala-dessuadora-klima-darrere-297x360.webp",297,360,true],"medium_large":["https:\/\/rattio.es\/wp-content\/uploads\/2022\/12\/adala-dessuadora-klima-darrere.webp",768,929,false],"large":["https:\/\/rattio.es\/wp-content\/uploads\/2022\/12\/adala-dessuadora-klima-darrere-578x700.webp",578,700,true],"1536x1536":["https:\/\/rattio.es\/wp-content\/uploads\/2022\/12\/adala-dessuadora-klima-darrere.webp",1080,1307,false],"2048x2048":["https:\/\/rattio.es\/wp-content\/uploads\/2022\/12\/adala-dessuadora-klima-darrere.webp",1080,1307,false],"trp-custom-language-flag":["https:\/\/rattio.es\/wp-content\/uploads\/2022\/12\/adala-dessuadora-klima-darrere.webp",10,12,false],"woocommerce_thumbnail":["https:\/\/rattio.es\/wp-content\/uploads\/2022\/12\/adala-dessuadora-klima-darrere-360x436.webp",360,436,true],"woocommerce_single":["https:\/\/rattio.es\/wp-content\/uploads\/2022\/12\/adala-dessuadora-klima-darrere-700x847.webp",700,847,true],"woocommerce_gallery_thumbnail":["https:\/\/rattio.es\/wp-content\/uploads\/2022\/12\/adala-dessuadora-klima-darrere-100x100.webp",100,100,true]},"uagb_author_info":{"display_name":"Ester V\u00e9rtigo","author_link":"https:\/\/rattio.es\/ca\/author\/"},"uagb_comment_info":0,"uagb_excerpt":"Dessuadores color sorra serigrafiades a m\u00e0 i a 3 tintes, amb la il.lustraci\u00f3 de la can\u00e7\u00f3 d'Urras a la part posterior i \"Klima\" al pit.","_links":{"self":[{"href":"https:\/\/rattio.es\/ca\/wp-json\/wp\/v2\/product\/156496","targetHints":{"allow":["GET"]}}],"collection":[{"href":"https:\/\/rattio.es\/ca\/wp-json\/wp\/v2\/product"}],"about":[{"href":"https:\/\/rattio.es\/ca\/wp-json\/wp\/v2\/types\/product"}],"wp:featuredmedia":[{"embeddable":true,"href":"https:\/\/rattio.es\/ca\/wp-json\/wp\/v2\/media\/156568"}],"wp:attachment":[{"href":"https:\/\/rattio.es\/ca\/wp-json\/wp\/v2\/media?parent=156496"}],"wp:term":[{"taxonomy":"product_brand","embeddable":true,"href":"https:\/\/rattio.es\/ca\/wp-json\/wp\/v2\/product_brand?post=156496"},{"taxonomy":"product_cat","embeddable":true,"href":"https:\/\/rattio.es\/ca\/wp-json\/wp\/v2\/product_cat?post=156496"},{"taxonomy":"product_tag","embeddable":true,"href":"https:\/\/rattio.es\/ca\/wp-json\/wp\/v2\/product_tag?post=156496"}],"curies":[{"name":"wp","href":"https:\/\/api.w.org\/{rel}","templated":true}]}}