{"id":156012,"date":"2022-11-14T12:00:12","date_gmt":"2022-11-14T11:00:12","guid":{"rendered":"https:\/\/rattio.es\/?post_type=product&#038;p=156012"},"modified":"2026-05-12T10:39:21","modified_gmt":"2026-05-12T08:39:21","slug":"vinilo-15-anos-y-una-cancion","status":"publish","type":"product","link":"https:\/\/rattio.es\/ca\/sharif\/vinilo-15-anos-y-una-cancion\/","title":{"rendered":"Vinilo &#8220;15 a\u00f1os y una canci\u00f3n&#8221; EDICI\u00d3N LIMITADA"},"content":{"rendered":"","protected":false},"excerpt":{"rendered":"<p>Formato en vinilo del trabajo de Sharif &#8220;15 a\u00f1os y una canci\u00f3n&#8221; (Guspira Records, 2022).<\/p>","protected":false},"featured_media":156016,"template":"","meta":{"_acf_changed":false,"_uag_custom_page_level_css":"","site-sidebar-layout":"default","site-content-layout":"","ast-site-content-layout":"default","site-content-style":"default","site-sidebar-style":"default","ast-global-header-display":"","ast-banner-title-visibility":"","ast-main-header-display":"","ast-hfb-above-header-display":"","ast-hfb-below-header-display":"","ast-hfb-mobile-header-display":"","site-post-title":"","ast-breadcrumbs-content":"","ast-featured-img":"","footer-sml-layout":"","ast-disable-related-posts":"","theme-transparent-header-meta":"default","adv-header-id-meta":"","stick-header-meta":"","header-above-stick-meta":"","header-main-stick-meta":"","header-below-stick-meta":"","astra-migrate-meta-layouts":"set","ast-page-background-enabled":"default","ast-page-background-meta":{"desktop":{"background-color":"var(--ast-global-color-5)","background-image":"","background-repeat":"repeat","background-position":"center center","background-size":"auto","background-attachment":"scroll","background-type":"","background-media":"","overlay-type":"","overlay-color":"","overlay-opacity":"","overlay-gradient":""},"tablet":{"background-color":"","background-image":"","background-repeat":"repeat","background-position":"center center","background-size":"auto","background-attachment":"scroll","background-type":"","background-media":"","overlay-type":"","overlay-color":"","overlay-opacity":"","overlay-gradient":""},"mobile":{"background-color":"","background-image":"","background-repeat":"repeat","background-position":"center center","background-size":"auto","background-attachment":"scroll","background-type":"","background-media":"","overlay-type":"","overlay-color":"","overlay-opacity":"","overlay-gradient":""}},"ast-content-background-meta":{"desktop":{"background-color":"var(--ast-global-color-4)","background-image":"","background-repeat":"repeat","background-position":"center center","background-size":"auto","background-attachment":"scroll","background-type":"","background-media":"","overlay-type":"","overlay-color":"","overlay-opacity":"","overlay-gradient":""},"tablet":{"background-color":"var(--ast-global-color-4)","background-image":"","background-repeat":"repeat","background-position":"center center","background-size":"auto","background-attachment":"scroll","background-type":"","background-media":"","overlay-type":"","overlay-color":"","overlay-opacity":"","overlay-gradient":""},"mobile":{"background-color":"var(--ast-global-color-4)","background-image":"","background-repeat":"repeat","background-position":"center center","background-size":"auto","background-attachment":"scroll","background-type":"","background-media":"","overlay-type":"","overlay-color":"","overlay-opacity":"","overlay-gradient":""}}},"product_brand":[],"product_cat":[206,139],"product_tag":[],"class_list":{"0":"post-156012","1":"product","2":"type-product","3":"status-publish","4":"has-post-thumbnail","6":"product_cat-sharif","7":"product_cat-sin-categoria","8":"desktop-align-left","9":"tablet-align-left","10":"mobile-align-left","11":"ast-product-gallery-layout-vertical-slider","13":"first","14":"instock","15":"featured","16":"taxable","17":"shipping-taxable","18":"purchasable","19":"product-type-simple"},"composite_virtual":false,"composite_layout":"","composite_add_to_cart_form_location":"","composite_editable_in_cart":false,"composite_sold_individually_context":"","composite_shop_price_calc":"","composite_components":[],"composite_scenarios":[],"acf":[],"spectra_custom_meta":{"_edit_lock":["1778575164:13"],"_edit_last":["13"],"_genesis_scripts_body_position":["bottom"],"_regular_price":["25"],"total_sales":["304"],"_tax_status":["taxable"],"_tax_class":[""],"_manage_stock":["yes"],"_backorders":["no"],"_sold_individually":["no"],"_virtual":["no"],"_downloadable":["no"],"_download_limit":["-1"],"_download_expiry":["-1"],"_stock":["11.000000"],"_stock_status":["instock"],"_wc_average_rating":["0"],"_wc_review_count":["0"],"_product_version":["10.7.0"],"_price":["25"],"_yoast_wpseo_primary_product_cat":["206"],"_thumbnail_id":["156016"],"_product_image_gallery":["156017,156018"],"_yoast_wpseo_primary_product_brand":[""],"_yoast_wpseo_title":["\u25b7 %%title%% %%sep%% \u3010Rattio %%currentyear%% \u3011"],"_yoast_wpseo_estimated-reading-time-minutes":["1"],"_yoast_wpseo_wordproof_timestamp":[""],"_product_subscriber":["a:18:{i:0;s:24:\"Jcmjavicasas@hotmail.com\";i:1;s:26:\"Fernandobernal57@gmail.com\";i:2;s:27:\"gerardochamorro@hotmail.com\";i:3;s:29:\"joseantonio@kingsenergias.com\";i:4;s:20:\"ssuss_an@hotmail.com\";i:5;s:23:\"perez.erika3a@gmail.com\";i:6;s:22:\"cholotaboada@gmail.com\";i:7;s:20:\"martaresa8@gmail.com\";i:8;s:26:\"bone_alejandro@hotmail.com\";i:9;s:24:\"atanasiopicazo@gmail.com\";i:10;s:18:\"mariaqp@hotmail.es\";i:11;s:18:\"jpiris14@gmail.com\";i:12;s:19:\"Penkis-3@outlook.es\";i:13;s:23:\"marinaortizgg@gmail.com\";i:14;s:24:\"alvinflores_23@gmail.com\";i:15;s:26:\"Pablo_offroy12@hotmail.com\";i:16;s:21:\"angelonon@hotmail.com\";i:17;s:21:\"helenaxzama@gmail.com\";}"],"no_of_subscribers":["18"],"rank_math_primary_product_cat":["206"],"rank_math_primary_product_brand":[""],"rank_math_title":["\u25b7 %title% %sep% \u3010Rattio %currentyear% \u3011"],"rank_math_news_sitemap_robots":["index"],"rank_math_robots":["a:1:{i:0;s:5:\"index\";}"],"rank_math_seo_score":["10"],"_redsystokenr":["no"],"_redsyspreauth":["no"],"cmplz_hide_cookiebanner":[""],"site-sidebar-layout":["default"],"ast-site-content-layout":["default"],"site-content-style":["default"],"site-sidebar-style":["default"],"theme-transparent-header-meta":["default"],"astra-migrate-meta-layouts":["set"]},"uagb_featured_image_src":{"full":["https:\/\/rattio.es\/wp-content\/uploads\/2022\/11\/sharif-vinilo-quince-anos-una-cancion-cara-a.webp",1080,1307,false],"thumbnail":["https:\/\/rattio.es\/wp-content\/uploads\/2022\/11\/sharif-vinilo-quince-anos-una-cancion-cara-a-124x150.webp",124,150,true],"medium":["https:\/\/rattio.es\/wp-content\/uploads\/2022\/11\/sharif-vinilo-quince-anos-una-cancion-cara-a-297x360.webp",297,360,true],"medium_large":["https:\/\/rattio.es\/wp-content\/uploads\/2022\/11\/sharif-vinilo-quince-anos-una-cancion-cara-a.webp",768,929,false],"large":["https:\/\/rattio.es\/wp-content\/uploads\/2022\/11\/sharif-vinilo-quince-anos-una-cancion-cara-a-578x700.webp",578,700,true],"1536x1536":["https:\/\/rattio.es\/wp-content\/uploads\/2022\/11\/sharif-vinilo-quince-anos-una-cancion-cara-a.webp",1080,1307,false],"2048x2048":["https:\/\/rattio.es\/wp-content\/uploads\/2022\/11\/sharif-vinilo-quince-anos-una-cancion-cara-a.webp",1080,1307,false],"trp-custom-language-flag":["https:\/\/rattio.es\/wp-content\/uploads\/2022\/11\/sharif-vinilo-quince-anos-una-cancion-cara-a.webp",10,12,false],"woocommerce_thumbnail":["https:\/\/rattio.es\/wp-content\/uploads\/2022\/11\/sharif-vinilo-quince-anos-una-cancion-cara-a-360x436.webp",360,436,true],"woocommerce_single":["https:\/\/rattio.es\/wp-content\/uploads\/2022\/11\/sharif-vinilo-quince-anos-una-cancion-cara-a-700x847.webp",700,847,true],"woocommerce_gallery_thumbnail":["https:\/\/rattio.es\/wp-content\/uploads\/2022\/11\/sharif-vinilo-quince-anos-una-cancion-cara-a-100x100.webp",100,100,true]},"uagb_author_info":{"display_name":"Ester V\u00e9rtigo","author_link":"https:\/\/rattio.es\/ca\/author\/"},"uagb_comment_info":0,"uagb_excerpt":"Formato en vinilo del trabajo de Sharif \"15 a\u00f1os y una canci\u00f3n\" (Guspira Records, 2022).","_links":{"self":[{"href":"https:\/\/rattio.es\/ca\/wp-json\/wp\/v2\/product\/156012","targetHints":{"allow":["GET"]}}],"collection":[{"href":"https:\/\/rattio.es\/ca\/wp-json\/wp\/v2\/product"}],"about":[{"href":"https:\/\/rattio.es\/ca\/wp-json\/wp\/v2\/types\/product"}],"wp:featuredmedia":[{"embeddable":true,"href":"https:\/\/rattio.es\/ca\/wp-json\/wp\/v2\/media\/156016"}],"wp:attachment":[{"href":"https:\/\/rattio.es\/ca\/wp-json\/wp\/v2\/media?parent=156012"}],"wp:term":[{"taxonomy":"product_brand","embeddable":true,"href":"https:\/\/rattio.es\/ca\/wp-json\/wp\/v2\/product_brand?post=156012"},{"taxonomy":"product_cat","embeddable":true,"href":"https:\/\/rattio.es\/ca\/wp-json\/wp\/v2\/product_cat?post=156012"},{"taxonomy":"product_tag","embeddable":true,"href":"https:\/\/rattio.es\/ca\/wp-json\/wp\/v2\/product_tag?post=156012"}],"curies":[{"name":"wp","href":"https:\/\/api.w.org\/{rel}","templated":true}]}}