{"id":154981,"date":"2022-02-25T22:03:03","date_gmt":"2022-02-25T21:03:03","guid":{"rendered":"https:\/\/rattio.es\/?post_type=product&#038;p=154981"},"modified":"2023-03-28T12:38:11","modified_gmt":"2023-03-28T10:38:11","slug":"pack-si-uno-no-se-rinde-viridarquia-vertigo-armonico-desorden","status":"publish","type":"product","link":"https:\/\/rattio.es\/ca\/lagrimas-de-sangre\/pack-si-uno-no-se-rinde-viridarquia-vertigo-armonico-desorden\/","title":{"rendered":"Pack \u00abSi Uno No Se Rinde\u00bb + \u00abViridarqu\u00eda\u00bb + \u00abV\u00e9rtigo\u00bb + \u00abArm\u00f3nico Desorden\u00bb"},"content":{"rendered":"","protected":false},"excerpt":{"rendered":"<p>Pack de la discograf\u00eda completa de L\u00e1grimas de Sangre que incluye los \u00e1lbumes \u00abSi Uno No Se Rinde\u00bb (2015), \u00abViridarqu\u00eda\u00bb (2016), \u00abV\u00e9rtigo\u00bb (2019) y \u00abArm\u00f3nico Desorden\u00bb (2022).<\/p>","protected":false},"featured_media":155155,"template":"","meta":{"_acf_changed":false,"_uag_custom_page_level_css":"","site-sidebar-layout":"default","site-content-layout":"","ast-site-content-layout":"default","site-content-style":"default","site-sidebar-style":"default","ast-global-header-display":"","ast-banner-title-visibility":"","ast-main-header-display":"","ast-hfb-above-header-display":"","ast-hfb-below-header-display":"","ast-hfb-mobile-header-display":"","site-post-title":"","ast-breadcrumbs-content":"","ast-featured-img":"","footer-sml-layout":"","ast-disable-related-posts":"","theme-transparent-header-meta":"","adv-header-id-meta":"","stick-header-meta":"","header-above-stick-meta":"","header-main-stick-meta":"","header-below-stick-meta":"","astra-migrate-meta-layouts":"default","ast-page-background-enabled":"default","ast-page-background-meta":{"desktop":{"background-color":"var(--ast-global-color-5)","background-image":"","background-repeat":"repeat","background-position":"center center","background-size":"auto","background-attachment":"scroll","background-type":"","background-media":"","overlay-type":"","overlay-color":"","overlay-opacity":"","overlay-gradient":""},"tablet":{"background-color":"","background-image":"","background-repeat":"repeat","background-position":"center center","background-size":"auto","background-attachment":"scroll","background-type":"","background-media":"","overlay-type":"","overlay-color":"","overlay-opacity":"","overlay-gradient":""},"mobile":{"background-color":"","background-image":"","background-repeat":"repeat","background-position":"center center","background-size":"auto","background-attachment":"scroll","background-type":"","background-media":"","overlay-type":"","overlay-color":"","overlay-opacity":"","overlay-gradient":""}},"ast-content-background-meta":{"desktop":{"background-color":"var(--ast-global-color-4)","background-image":"","background-repeat":"repeat","background-position":"center center","background-size":"auto","background-attachment":"scroll","background-type":"","background-media":"","overlay-type":"","overlay-color":"","overlay-opacity":"","overlay-gradient":""},"tablet":{"background-color":"var(--ast-global-color-4)","background-image":"","background-repeat":"repeat","background-position":"center center","background-size":"auto","background-attachment":"scroll","background-type":"","background-media":"","overlay-type":"","overlay-color":"","overlay-opacity":"","overlay-gradient":""},"mobile":{"background-color":"var(--ast-global-color-4)","background-image":"","background-repeat":"repeat","background-position":"center center","background-size":"auto","background-attachment":"scroll","background-type":"","background-media":"","overlay-type":"","overlay-color":"","overlay-opacity":"","overlay-gradient":""}}},"product_brand":[],"product_cat":[167],"product_tag":[],"class_list":{"0":"post-154981","1":"product","2":"type-product","3":"status-publish","4":"has-post-thumbnail","6":"product_cat-lagrimas-de-sangre","7":"desktop-align-left","8":"tablet-align-left","9":"mobile-align-left","10":"ast-product-gallery-layout-vertical-slider","11":"ast-product-gallery-with-no-image","13":"first","14":"instock","15":"sale","16":"taxable","17":"shipping-taxable","18":"purchasable","19":"product-type-composite"},"composite_virtual":false,"composite_layout":"single","composite_add_to_cart_form_location":"default","composite_editable_in_cart":false,"composite_sold_individually_context":"product","composite_shop_price_calc":"defaults","composite_components":[{"id":"1645826698","title":"Si Uno No Se Rinde","description":"","query_type":"product_ids","query_ids":[1765],"default_option_id":"","thumbnail_id":"","thumbnail_src":"","quantity_min":1,"quantity_max":1,"priced_individually":false,"shipped_individually":false,"optional":false,"discount":"","options_style":"dropdowns","pagination_style":"classic","display_prices":"absolute","show_sorting_options":false,"show_filtering_options":false,"attribute_filter_ids":[],"select_action":"view","product_title_visible":true,"product_descr_visible":true,"product_price_visible":true,"product_thumb_visible":true,"subtotal_visible_product":true,"subtotal_visible_cart":true,"subtotal_visible_orders":true},{"id":"1645826699","title":"Viridarqu\u00eda","description":"","query_type":"product_ids","query_ids":[1764],"default_option_id":1764,"thumbnail_id":"","thumbnail_src":"","quantity_min":1,"quantity_max":1,"priced_individually":false,"shipped_individually":false,"optional":false,"discount":"","options_style":"dropdowns","pagination_style":"classic","display_prices":"absolute","show_sorting_options":false,"show_filtering_options":false,"attribute_filter_ids":[],"select_action":"view","product_title_visible":true,"product_descr_visible":true,"product_price_visible":true,"product_thumb_visible":true,"subtotal_visible_product":true,"subtotal_visible_cart":true,"subtotal_visible_orders":true},{"id":"1645826700","title":"V\u00e9rtigo","description":"","query_type":"product_ids","query_ids":[1763],"default_option_id":1763,"thumbnail_id":"","thumbnail_src":"","quantity_min":1,"quantity_max":1,"priced_individually":false,"shipped_individually":false,"optional":false,"discount":"","options_style":"dropdowns","pagination_style":"classic","display_prices":"absolute","show_sorting_options":false,"show_filtering_options":false,"attribute_filter_ids":[],"select_action":"view","product_title_visible":true,"product_descr_visible":true,"product_price_visible":true,"product_thumb_visible":true,"subtotal_visible_product":true,"subtotal_visible_cart":true,"subtotal_visible_orders":true},{"id":"1645826701","title":"Arm\u00f3nico Desorden","description":"","query_type":"product_ids","query_ids":[154883],"default_option_id":154883,"thumbnail_id":"","thumbnail_src":"","quantity_min":1,"quantity_max":1,"priced_individually":false,"shipped_individually":false,"optional":false,"discount":"","options_style":"dropdowns","pagination_style":"classic","display_prices":"absolute","show_sorting_options":false,"show_filtering_options":false,"attribute_filter_ids":[],"select_action":"view","product_title_visible":true,"product_descr_visible":true,"product_price_visible":true,"product_thumb_visible":true,"subtotal_visible_product":true,"subtotal_visible_cart":true,"subtotal_visible_orders":true}],"composite_scenarios":[],"acf":[],"spectra_custom_meta":{"_edit_lock":["1679999891:13"],"_edit_last":["13"],"_genesis_scripts_body_position":["bottom"],"_regular_price":["30"],"total_sales":["67"],"_tax_status":["taxable"],"_tax_class":[""],"_manage_stock":["no"],"_backorders":["no"],"_sold_individually":["no"],"_virtual":["no"],"_downloadable":["no"],"_download_limit":["-1"],"_download_expiry":["-1"],"_stock":[null],"_stock_status":["instock"],"_wc_average_rating":["0"],"_wc_review_count":["0"],"_product_version":["5.1.1"],"_price":["30"],"_yoast_wpseo_primary_product_cat":["167"],"_bto_base_regular_price":["30"],"_bto_base_sale_price":[""],"_bto_style":["single"],"_bto_add_to_cart_form_location":["default"],"_bto_shop_price_calc":["defaults"],"_bto_edit_in_cart":["no"],"_bto_aggregate_weight":["no"],"_bto_sold_individually":["product"],"_bto_data":["a:4:{i:1645826698;a:28:{s:10:\"query_type\";s:11:\"product_ids\";s:12:\"assigned_ids\";a:1:{i:0;i:1765;}s:14:\"selection_mode\";s:9:\"dropdowns\";s:10:\"default_id\";s:4:\"1765\";s:5:\"title\";s:18:\"Si Uno No Se Rinde\";s:11:\"description\";s:0:\"\";s:12:\"thumbnail_id\";s:0:\"\";s:12:\"quantity_min\";i:1;s:12:\"quantity_max\";i:1;s:8:\"discount\";s:0:\"\";s:19:\"priced_individually\";s:2:\"no\";s:20:\"shipped_individually\";s:2:\"no\";s:8:\"optional\";s:2:\"no\";s:14:\"display_prices\";s:8:\"absolute\";s:13:\"select_action\";s:4:\"view\";s:18:\"hide_product_title\";s:2:\"no\";s:24:\"hide_product_description\";s:2:\"no\";s:22:\"hide_product_thumbnail\";s:2:\"no\";s:18:\"hide_product_price\";s:2:\"no\";s:21:\"hide_subtotal_product\";s:2:\"no\";s:18:\"hide_subtotal_cart\";s:2:\"no\";s:20:\"hide_subtotal_orders\";s:2:\"no\";s:12:\"show_orderby\";s:2:\"no\";s:12:\"show_filters\";s:2:\"no\";s:8:\"position\";i:0;s:12:\"component_id\";s:10:\"1645826698\";s:12:\"composite_id\";i:154981;s:16:\"pagination_style\";s:7:\"classic\";}i:1645826699;a:28:{s:10:\"query_type\";s:11:\"product_ids\";s:12:\"assigned_ids\";a:1:{i:0;i:1764;}s:14:\"selection_mode\";s:9:\"dropdowns\";s:10:\"default_id\";s:4:\"1764\";s:5:\"title\";s:12:\"Viridarqu\u00eda\";s:11:\"description\";s:0:\"\";s:12:\"thumbnail_id\";s:0:\"\";s:12:\"quantity_min\";i:1;s:12:\"quantity_max\";i:1;s:8:\"discount\";s:0:\"\";s:19:\"priced_individually\";s:2:\"no\";s:20:\"shipped_individually\";s:2:\"no\";s:8:\"optional\";s:2:\"no\";s:14:\"display_prices\";s:8:\"absolute\";s:13:\"select_action\";s:4:\"view\";s:18:\"hide_product_title\";s:2:\"no\";s:24:\"hide_product_description\";s:2:\"no\";s:22:\"hide_product_thumbnail\";s:2:\"no\";s:18:\"hide_product_price\";s:2:\"no\";s:21:\"hide_subtotal_product\";s:2:\"no\";s:18:\"hide_subtotal_cart\";s:2:\"no\";s:20:\"hide_subtotal_orders\";s:2:\"no\";s:12:\"show_orderby\";s:2:\"no\";s:12:\"show_filters\";s:2:\"no\";s:8:\"position\";i:1;s:12:\"component_id\";s:10:\"1645826699\";s:12:\"composite_id\";i:154981;s:16:\"pagination_style\";s:7:\"classic\";}i:1645826700;a:28:{s:10:\"query_type\";s:11:\"product_ids\";s:12:\"assigned_ids\";a:1:{i:0;i:1763;}s:14:\"selection_mode\";s:9:\"dropdowns\";s:10:\"default_id\";s:4:\"1763\";s:5:\"title\";s:8:\"V\u00e9rtigo\";s:11:\"description\";s:0:\"\";s:12:\"thumbnail_id\";s:0:\"\";s:12:\"quantity_min\";i:1;s:12:\"quantity_max\";i:1;s:8:\"discount\";s:0:\"\";s:19:\"priced_individually\";s:2:\"no\";s:20:\"shipped_individually\";s:2:\"no\";s:8:\"optional\";s:2:\"no\";s:14:\"display_prices\";s:8:\"absolute\";s:13:\"select_action\";s:4:\"view\";s:18:\"hide_product_title\";s:2:\"no\";s:24:\"hide_product_description\";s:2:\"no\";s:22:\"hide_product_thumbnail\";s:2:\"no\";s:18:\"hide_product_price\";s:2:\"no\";s:21:\"hide_subtotal_product\";s:2:\"no\";s:18:\"hide_subtotal_cart\";s:2:\"no\";s:20:\"hide_subtotal_orders\";s:2:\"no\";s:12:\"show_orderby\";s:2:\"no\";s:12:\"show_filters\";s:2:\"no\";s:8:\"position\";i:2;s:12:\"component_id\";s:10:\"1645826700\";s:12:\"composite_id\";i:154981;s:16:\"pagination_style\";s:7:\"classic\";}i:1645826701;a:28:{s:10:\"query_type\";s:11:\"product_ids\";s:12:\"assigned_ids\";a:1:{i:0;i:154883;}s:14:\"selection_mode\";s:9:\"dropdowns\";s:10:\"default_id\";s:6:\"154883\";s:5:\"title\";s:18:\"Arm\u00f3nico Desorden\";s:11:\"description\";s:0:\"\";s:12:\"thumbnail_id\";s:0:\"\";s:12:\"quantity_min\";i:1;s:12:\"quantity_max\";i:1;s:8:\"discount\";s:0:\"\";s:19:\"priced_individually\";s:2:\"no\";s:20:\"shipped_individually\";s:2:\"no\";s:8:\"optional\";s:2:\"no\";s:14:\"display_prices\";s:8:\"absolute\";s:13:\"select_action\";s:4:\"view\";s:18:\"hide_product_title\";s:2:\"no\";s:24:\"hide_product_description\";s:2:\"no\";s:22:\"hide_product_thumbnail\";s:2:\"no\";s:18:\"hide_product_price\";s:2:\"no\";s:21:\"hide_subtotal_product\";s:2:\"no\";s:18:\"hide_subtotal_cart\";s:2:\"no\";s:20:\"hide_subtotal_orders\";s:2:\"no\";s:12:\"show_orderby\";s:2:\"no\";s:12:\"show_filters\";s:2:\"no\";s:8:\"position\";i:3;s:12:\"component_id\";s:10:\"1645826701\";s:12:\"composite_id\";i:154981;s:16:\"pagination_style\";s:7:\"classic\";}}"],"_bto_scenario_data":["a:0:{}"],"_bto_base_price":["30"],"_wc_sw_max_price":["30"],"_sale_price":[""],"_thumbnail_id":["155155"],"rank_math_primary_product_cat":["167"],"rank_math_news_sitemap_robots":["index"],"rank_math_robots":["a:1:{i:0;s:5:\"index\";}"],"_uag_page_assets":["a:9:{s:3:\"css\";s:260:\".uag-blocks-common-selector{z-index:var(--z-index-desktop) !important}@media(max-width: 976px){.uag-blocks-common-selector{z-index:var(--z-index-tablet) !important}}@media(max-width: 767px){.uag-blocks-common-selector{z-index:var(--z-index-mobile) !important}}\";s:2:\"js\";s:0:\"\";s:18:\"current_block_list\";a:1:{i:0;s:26:\"polylang\/language-switcher\";}s:8:\"uag_flag\";b:0;s:11:\"uag_version\";s:10:\"1777453182\";s:6:\"gfonts\";a:0:{}s:10:\"gfonts_url\";s:0:\"\";s:12:\"gfonts_files\";a:0:{}s:14:\"uag_faq_layout\";b:0;}"],"_uag_css_file_name":["uag-css-154981.css"]},"uagb_featured_image_src":{"full":["https:\/\/rattio.es\/wp-content\/uploads\/2022\/02\/pack-discos.webp",1080,1307,false],"thumbnail":["https:\/\/rattio.es\/wp-content\/uploads\/2022\/02\/pack-discos-124x150.webp",124,150,true],"medium":["https:\/\/rattio.es\/wp-content\/uploads\/2022\/02\/pack-discos-297x360.webp",297,360,true],"medium_large":["https:\/\/rattio.es\/wp-content\/uploads\/2022\/02\/pack-discos.webp",768,929,false],"large":["https:\/\/rattio.es\/wp-content\/uploads\/2022\/02\/pack-discos-578x700.webp",578,700,true],"1536x1536":["https:\/\/rattio.es\/wp-content\/uploads\/2022\/02\/pack-discos.webp",1080,1307,false],"2048x2048":["https:\/\/rattio.es\/wp-content\/uploads\/2022\/02\/pack-discos.webp",1080,1307,false],"trp-custom-language-flag":["https:\/\/rattio.es\/wp-content\/uploads\/2022\/02\/pack-discos.webp",10,12,false],"woocommerce_thumbnail":["https:\/\/rattio.es\/wp-content\/uploads\/2022\/02\/pack-discos-360x436.webp",360,436,true],"woocommerce_single":["https:\/\/rattio.es\/wp-content\/uploads\/2022\/02\/pack-discos-700x847.webp",700,847,true],"woocommerce_gallery_thumbnail":["https:\/\/rattio.es\/wp-content\/uploads\/2022\/02\/pack-discos-100x100.webp",100,100,true]},"uagb_author_info":{"display_name":"Ester V\u00e9rtigo","author_link":"https:\/\/rattio.es\/ca\/author\/"},"uagb_comment_info":0,"uagb_excerpt":"Pack de la discograf\u00eda completa de L\u00e1grimas de Sangre que incluye los \u00e1lbumes \"Si Uno No Se Rinde\" (2015), \"Viridarqu\u00eda\" (2016), \"V\u00e9rtigo\" (2019) y \"Arm\u00f3nico Desorden\" (2022).","_links":{"self":[{"href":"https:\/\/rattio.es\/ca\/wp-json\/wp\/v2\/product\/154981","targetHints":{"allow":["GET"]}}],"collection":[{"href":"https:\/\/rattio.es\/ca\/wp-json\/wp\/v2\/product"}],"about":[{"href":"https:\/\/rattio.es\/ca\/wp-json\/wp\/v2\/types\/product"}],"wp:featuredmedia":[{"embeddable":true,"href":"https:\/\/rattio.es\/ca\/wp-json\/wp\/v2\/media\/155155"}],"wp:attachment":[{"href":"https:\/\/rattio.es\/ca\/wp-json\/wp\/v2\/media?parent=154981"}],"wp:term":[{"taxonomy":"product_brand","embeddable":true,"href":"https:\/\/rattio.es\/ca\/wp-json\/wp\/v2\/product_brand?post=154981"},{"taxonomy":"product_cat","embeddable":true,"href":"https:\/\/rattio.es\/ca\/wp-json\/wp\/v2\/product_cat?post=154981"},{"taxonomy":"product_tag","embeddable":true,"href":"https:\/\/rattio.es\/ca\/wp-json\/wp\/v2\/product_tag?post=154981"}],"curies":[{"name":"wp","href":"https:\/\/api.w.org\/{rel}","templated":true}]}}