{"id":162266,"date":"2025-09-22T16:59:28","date_gmt":"2025-09-22T14:59:28","guid":{"rendered":"https:\/\/rattio.es\/declaracion-de-privacidad-ue\/"},"modified":"2025-09-22T16:59:28","modified_gmt":"2025-09-22T14:59:28","slug":"declaracion-de-privacidad-ue","status":"publish","type":"page","link":"https:\/\/rattio.es\/ca\/declaracion-de-privacidad-ue\/","title":{"rendered":"Declaraci\u00f3n de privacidad (UE)"},"content":{"rendered":"<!-- Legal document generated by Complianz | GDPR\/CCPA Cookie Consent https:\/\/wordpress.org\/plugins\/complianz-gdpr -->\n<div id=\"cmplz-document\" class=\"cmplz-document privacy-statement cmplz-document-eu\"><p><i>Aquesta declaraci\u00f3 de privadesa es va actualitzar per \u00faltima vegada el 05\/11\/2025 i s&#8217;aplica als ciutadans i residents permanents legals de l&#8217;Espai Econ\u00f2mic Europeu i Su\u00efssa.<\/i><br \/><br \/><\/p><p><p>En aquesta declaraci\u00f3 de privadesa, expliquem qu\u00e8 fem amb les dades que obtenim sobre vost\u00e8 a trav\u00e9s de <a href=\"https:\/\/rattio.es\/ca\">https:\/\/rattio.es\/ca<\/a>. Us recomanem que llegiu atentament aquesta declaraci\u00f3. En el nostre tractament complim amb els requisits de la legislaci\u00f3 de privadesa. Aix\u00f2 vol dir, entre altres coses, que:   <\/p><ul>\n                <li>indiquem clarament les finalitats per a les quals tractem les dades personals. Ho fem mitjan\u00e7ant aquesta declaraci\u00f3 de privadesa; <\/li>\n                <li>pretenem limitar la nostra recollida de dades personals nom\u00e9s a les dades personals necess\u00e0ries per a finalitats leg\u00edtimes;<\/li>\n                <li>primer demanem el vostre consentiment expl\u00edcit per tractar les vostres dades personals en els casos que requereixin el vostre consentiment;<\/li>\n                <li>prenem les mesures de seguretat adequades per protegir les vostres dades personals i tamb\u00e9 ho exigim a les parts que tracten dades personals en nom nostre;<\/li>\n                <li>respectem el teu dret a accedir a les teves dades personals o a fer-les corregir o suprimir, a petici\u00f3 teva.<\/li>\n            <\/ul><p>Si teniu cap pregunta o voleu saber exactament quines dades conservem de vosaltres, poseu-vos en contacte amb nosaltres.<\/p><\/p><h2>1. Finalitat, dades i per\u00edode de conservaci\u00f3<\/h2>Podem recopilar o rebre informaci\u00f3 personal per a una s\u00e8rie de finalitats relacionades amb les nostres operacions comercials, que poden incloure les seg\u00fcents: (feu clic per ampliar)<details class=\"cmplz-dropdown dropdown-privacy-statement\"><summary><div><h3>1.1 Contacte: per tel\u00e8fon, correu electr\u00f2nic, correu electr\u00f2nic i\/o formularis web<\/h3><\/div><\/summary><p class=\"cmplz-subtitle\">Amb aquesta finalitat utilitzem les seg\u00fcents dades:<\/p><p><ul><li>Un nom i cognom<\/li><li>Nom del compte o \u00e0lies<\/li><li>Una adre\u00e7a de correu electr\u00f2nic<\/li><li>Un n\u00famero de tel\u00e8fon<\/li><li>Adre\u00e7a IP<\/li><\/ul><\/p><p class=\"cmplz-subtitle\">La base sobre la qual podem tractar aquestes dades \u00e9s:<\/p><p><a target=\"_blank\" rel=\"noopener noreferrer nofollow\" href=\"https:\/\/cookiedatabase.org\/legal-bases\/#consent\">A la prestaci\u00f3 del consentiment.<\/a><\/p><p class=\"cmplz-subtitle\">Per\u00edode de retenci\u00f3<\/p><p>Conservem aquestes dades fins que finalitzi el servei.<\/p><\/details><details class=\"cmplz-dropdown dropdown-privacy-statement\"><summary><div><h3>1.2 Pagaments<\/h3><\/div><\/summary><p class=\"cmplz-subtitle\">Amb aquesta finalitat utilitzem les seg\u00fcents dades:<\/p><p><ul><li>Un nom i cognom<\/li><li>Nom del compte o \u00e0lies<\/li><li>Un domicili o una altra adre\u00e7a f\u00edsica, incl\u00f2s el nom del carrer i el nom d&#039;una ciutat o poble<\/li><li>Una adre\u00e7a de correu electr\u00f2nic<\/li><li>Un n\u00famero de tel\u00e8fon<\/li><li>Adre\u00e7a IP<\/li><\/ul><\/p><p class=\"cmplz-subtitle\">La base sobre la qual podem tractar aquestes dades \u00e9s:<\/p><p><a target=\"_blank\" rel=\"noopener noreferrer nofollow\" href=\"https:\/\/cookiedatabase.org\/legal-bases\/#consent\">A la prestaci\u00f3 del consentiment.<\/a><\/p><p class=\"cmplz-subtitle\">Per\u00edode de retenci\u00f3<\/p><p>Conservem aquestes dades fins que finalitzi el servei.<\/p><\/details><details class=\"cmplz-dropdown dropdown-privacy-statement\"><summary><div><h3>1.3 Registre d&#039;un compte<\/h3><\/div><\/summary><p class=\"cmplz-subtitle\">Amb aquesta finalitat utilitzem les seg\u00fcents dades:<\/p><p><ul><li>Un nom i cognom<\/li><li>Nom del compte o \u00e0lies<\/li><li>Un domicili o una altra adre\u00e7a f\u00edsica, incl\u00f2s el nom del carrer i el nom d&#039;una ciutat o poble<\/li><li>Una adre\u00e7a de correu electr\u00f2nic<\/li><li>Un n\u00famero de tel\u00e8fon<\/li><li>Adre\u00e7a IP<\/li><\/ul><\/p><p class=\"cmplz-subtitle\">La base sobre la qual podem tractar aquestes dades \u00e9s:<\/p><p><a target=\"_blank\" rel=\"noopener noreferrer nofollow\" href=\"https:\/\/cookiedatabase.org\/legal-bases\/#consent\">A la prestaci\u00f3 del consentiment.<\/a><\/p><p class=\"cmplz-subtitle\">Per\u00edode de retenci\u00f3<\/p><p>Conservem aquestes dades fins que finalitzi el servei.<\/p><\/details><details class=\"cmplz-dropdown dropdown-privacy-statement\"><summary><div><h3>1.4 Butlletins informatius<\/h3><\/div><\/summary><p class=\"cmplz-subtitle\">Amb aquesta finalitat utilitzem les seg\u00fcents dades:<\/p><p><ul><li>Un nom i cognom<\/li><li>Nom del compte o \u00e0lies<\/li><li>Un domicili o una altra adre\u00e7a f\u00edsica, incl\u00f2s el nom del carrer i el nom d&#039;una ciutat o poble<\/li><li>Una adre\u00e7a de correu electr\u00f2nic<\/li><li>Un n\u00famero de tel\u00e8fon<\/li><li>Adre\u00e7a IP<\/li><\/ul><\/p><p class=\"cmplz-subtitle\">La base sobre la qual podem tractar aquestes dades \u00e9s:<\/p><p><a target=\"_blank\" rel=\"noopener noreferrer nofollow\" href=\"https:\/\/cookiedatabase.org\/legal-bases\/#consent\">A la prestaci\u00f3 del consentiment.<\/a><\/p><p class=\"cmplz-subtitle\">Per\u00edode de retenci\u00f3<\/p><p>Conservem aquestes dades fins que finalitzi el servei.<\/p><\/details><details class=\"cmplz-dropdown dropdown-privacy-statement\"><summary><div><h3>1.5 Per donar suport als serveis o productes que un client vol comprar o ha comprat<\/h3><\/div><\/summary><p class=\"cmplz-subtitle\">Amb aquesta finalitat utilitzem les seg\u00fcents dades:<\/p><p><ul><li>Un nom i cognom<\/li><li>Nom del compte o \u00e0lies<\/li><li>Un domicili o una altra adre\u00e7a f\u00edsica, incl\u00f2s el nom del carrer i el nom d&#039;una ciutat o poble<\/li><li>Una adre\u00e7a de correu electr\u00f2nic<\/li><li>Un n\u00famero de tel\u00e8fon<\/li><li>Adre\u00e7a IP<\/li><\/ul><\/p><p class=\"cmplz-subtitle\">La base sobre la qual podem tractar aquestes dades \u00e9s:<\/p><p><a target=\"_blank\" rel=\"noopener noreferrer nofollow\" href=\"https:\/\/cookiedatabase.org\/legal-bases\/#consent\">A la prestaci\u00f3 del consentiment.<\/a><\/p><p class=\"cmplz-subtitle\">Per\u00edode de retenci\u00f3<\/p><p>Conservem aquestes dades fins que finalitzi el servei.<\/p><\/details><details class=\"cmplz-dropdown dropdown-privacy-statement\"><summary><div><h3>1.6 Recull i an\u00e0lisi d&#039;estad\u00edstiques per a la millora del lloc web.<\/h3><\/div><\/summary><p class=\"cmplz-subtitle\">Amb aquesta finalitat utilitzem les seg\u00fcents dades:<\/p><p><ul><li>Adre\u00e7a IP<\/li><\/ul><\/p><p class=\"cmplz-subtitle\">La base sobre la qual podem tractar aquestes dades \u00e9s:<\/p><p><a target=\"_blank\" rel=\"noopener noreferrer nofollow\" href=\"https:\/\/cookiedatabase.org\/legal-bases\/#consent\">A la prestaci\u00f3 del consentiment.<\/a><\/p><p class=\"cmplz-subtitle\">Per\u00edode de retenci\u00f3<\/p><p>Conservem aquestes dades fins que finalitzi el servei.<\/p><\/details><details class=\"cmplz-dropdown dropdown-privacy-statement\"><summary><div><h3>1.7 Per poder oferir productes i serveis personalitzats<\/h3><\/div><\/summary><p class=\"cmplz-subtitle\">Amb aquesta finalitat utilitzem les seg\u00fcents dades:<\/p><p><ul><li>Un nom i cognom<\/li><li>Un domicili o una altra adre\u00e7a f\u00edsica, incl\u00f2s el nom del carrer i el nom d&#039;una ciutat o poble<\/li><li>Una adre\u00e7a de correu electr\u00f2nic<\/li><li>Un n\u00famero de tel\u00e8fon<\/li><li>Adre\u00e7a IP<\/li><\/ul><\/p><p class=\"cmplz-subtitle\">La base sobre la qual podem tractar aquestes dades \u00e9s:<\/p><p><a target=\"_blank\" rel=\"noopener noreferrer nofollow\" href=\"https:\/\/cookiedatabase.org\/legal-bases\/#consent\">A la prestaci\u00f3 del consentiment.<\/a><\/p><p class=\"cmplz-subtitle\">Per\u00edode de retenci\u00f3<\/p><p>Conservem aquestes dades fins que finalitzi el servei.<\/p><\/details><h2>2. Compartint amb altres parts<\/h2><p>Nom\u00e9s compartim o divulgem aquestes dades als processadors amb les finalitats seg\u00fcents:<\/p><h2>3. Galetes<\/h2><p>El nostre lloc web utilitza cookies. Per obtenir m\u00e9s informaci\u00f3 sobre les galetes, consulteu la nostra <a href=\"https:\/\/rattio.es\/ca\/politica-de-cookies-ue\/\">Pol\u00edtica de galetes<\/a>. &nbsp;<\/p><h2>4. Pr\u00e0ctiques de divulgaci\u00f3<\/h2><p><p>Revelem informaci\u00f3 personal si la llei o una ordre judicial ens ho exigeixen, en resposta a una ag\u00e8ncia d&#8217;aplicaci\u00f3 de la llei, en la mesura que ho permeten altres disposicions de la llei, per proporcionar informaci\u00f3 o per a una investigaci\u00f3 sobre una q\u00fcesti\u00f3 relacionada amb la seguretat p\u00fablica.<\/p><p>Si el nostre lloc web o organitzaci\u00f3 s&#8217;adquireix, ven o participa en una fusi\u00f3 o adquisici\u00f3, les vostres dades es poden revelar als nostres assessors i a qualsevol comprador potencial i es transmetran als nous propietaris.<\/p><\/p><p>Hem celebrat un Acord de tractament de dades amb Google.<\/p><p>Google no pot utilitzar les dades per a cap altre servei de Google.<\/p><p>La inclusi\u00f3 d&#8217;adreces IP completes est\u00e0 bloquejada per nosaltres.<\/p><h2>5. Seguretat<\/h2><p>Estem compromesos amb la seguretat de les dades personals. Prenem les mesures de seguretat adequades per limitar l&#8217;ab\u00fas i l&#8217;acc\u00e9s no autoritzat a les dades personals. Aix\u00f2 garanteix que nom\u00e9s les persones necess\u00e0ries tinguin acc\u00e9s a les vostres dades, que l&#8217;acc\u00e9s a les dades estigui protegit i que les nostres mesures de seguretat es revisen peri\u00f2dicament.  <\/p><h2>6. Llocs web de tercers<\/h2><p>Aquesta declaraci\u00f3 de privadesa no s&#8217;aplica als llocs web de tercers connectats mitjan\u00e7ant enlla\u00e7os al nostre lloc web. No podem garantir que aquests tercers gestionen les vostres dades personals d&#8217;una manera fiable o segura. Us recomanem que llegiu les declaracions de privadesa d&#8217;aquests llocs web abans de fer \u00fas d&#8217;aquests llocs web.  <\/p><h2>7. Esmenes a aquesta declaraci\u00f3 de privadesa<\/h2><p>Ens reservem el dret de fer esmenes a aquesta declaraci\u00f3 de privadesa. Es recomana que consulteu aquesta declaraci\u00f3 de privadesa peri\u00f2dicament per tal d&#8217;estar al corrent de qualsevol canvi. A m\u00e9s, us informarem activament sempre que sigui possible.  <\/p><h2>8. Acc\u00e9s i modificaci\u00f3 de les teves dades<\/h2><p>Si teniu cap pregunta o voleu saber quines dades personals tenim sobre vosaltres, poseu-vos en contacte amb nosaltres. Pots contactar amb nosaltres utilitzant la informaci\u00f3 seg\u00fcent. Teniu els seg\u00fcents drets:  <\/p><ul>\n                <li>Teniu dret a saber per qu\u00e8 es necessiten les vostres dades personals, qu\u00e8 hi passar\u00e0 i quant de temps es conservaran.<\/li>\n                <li>Dret d&#8217;acc\u00e9s: tens dret a accedir a les teves dades personals que coneixem.<\/li>\n                <li>Dret de rectificaci\u00f3: t\u00e9 dret a complementar, corregir, suprimir o bloquejar les seves dades personals sempre que ho desitgi.<\/li>\n                <li>Si ens doneu el vostre consentiment per tractar les vostres dades, teniu dret a revocar aquest consentiment i a que se suprimeixin les vostres dades personals.<\/li>\n                <li>Dret a cedir les seves dades: t\u00e9 dret a sol\u00b7licitar totes les seves dades personals al responsable del tractament i transferir-les \u00edntegrament a un altre responsable.<\/li>\n                <li>Dret d&#8217;oposici\u00f3: podeu oposar-vos al tractament de les vostres dades. Complim amb aix\u00f2, llevat que hi hagi motius justificats per al tractament. <\/li>\n            <\/ul><p>Si us plau, assegureu-vos d&#8217;indicar sempre clarament qui sou, de manera que puguem estar segurs que no modifiquem ni eliminem cap dada de la persona equivocada.<\/p><h2>9. Presentaci\u00f3 d&#039;una queixa<\/h2><p>Si no est\u00e0 satisfet amb la forma en qu\u00e8 tractem (una queixa sobre) el tractament de les seves dades personals, t\u00e9 dret a presentar una reclamaci\u00f3 davant l&#8217;Autoritat de Protecci\u00f3 de Dades.<\/p><h2>10. Dades de contacte<\/h2><p>Col.lectiu LDS, SCCL<br \/>\n        Lepant n\u00ba221, 1ro, 2nda, 08013, Barcelona<br \/>\n        Espanya<br \/>\n        Lloc web: <a href=\"https:\/\/rattio.es\/ca\">https:\/\/rattio.es\/ca<\/a> <br \/>\n        Correu electr\u00f2nic: <span class=\"cmplz-obfuscate\">c&#111;&#110;t&#097;&#099;t&#111;@<span class=\"cmplz-fmail-domain\">e&#120;&#046;co&#109;<\/span>&#114;a&#116;t&#105;&#111;&#046;es<\/span> <br \/>\n        Tel\u00e8fon: 600000000<\/p><\/div>","protected":false},"excerpt":{"rendered":"","protected":false},"author":1,"featured_media":0,"parent":0,"menu_order":0,"comment_status":"closed","ping_status":"closed","template":"","meta":{"_acf_changed":false,"_uag_custom_page_level_css":"","site-sidebar-layout":"default","site-content-layout":"","ast-site-content-layout":"default","site-content-style":"default","site-sidebar-style":"default","ast-global-header-display":"","ast-banner-title-visibility":"","ast-main-header-display":"","ast-hfb-above-header-display":"","ast-hfb-below-header-display":"","ast-hfb-mobile-header-display":"","site-post-title":"","ast-breadcrumbs-content":"","ast-featured-img":"","footer-sml-layout":"","ast-disable-related-posts":"","theme-transparent-header-meta":"","adv-header-id-meta":"","stick-header-meta":"","header-above-stick-meta":"","header-main-stick-meta":"","header-below-stick-meta":"","astra-migrate-meta-layouts":"default","ast-page-background-enabled":"default","ast-page-background-meta":{"desktop":{"background-color":"var(--ast-global-color-5)","background-image":"","background-repeat":"repeat","background-position":"center center","background-size":"auto","background-attachment":"scroll","background-type":"","background-media":"","overlay-type":"","overlay-color":"","overlay-opacity":"","overlay-gradient":""},"tablet":{"background-color":"","background-image":"","background-repeat":"repeat","background-position":"center center","background-size":"auto","background-attachment":"scroll","background-type":"","background-media":"","overlay-type":"","overlay-color":"","overlay-opacity":"","overlay-gradient":""},"mobile":{"background-color":"","background-image":"","background-repeat":"repeat","background-position":"center center","background-size":"auto","background-attachment":"scroll","background-type":"","background-media":"","overlay-type":"","overlay-color":"","overlay-opacity":"","overlay-gradient":""}},"ast-content-background-meta":{"desktop":{"background-color":"var(--ast-global-color-4)","background-image":"","background-repeat":"repeat","background-position":"center center","background-size":"auto","background-attachment":"scroll","background-type":"","background-media":"","overlay-type":"","overlay-color":"","overlay-opacity":"","overlay-gradient":""},"tablet":{"background-color":"var(--ast-global-color-4)","background-image":"","background-repeat":"repeat","background-position":"center center","background-size":"auto","background-attachment":"scroll","background-type":"","background-media":"","overlay-type":"","overlay-color":"","overlay-opacity":"","overlay-gradient":""},"mobile":{"background-color":"var(--ast-global-color-4)","background-image":"","background-repeat":"repeat","background-position":"center center","background-size":"auto","background-attachment":"scroll","background-type":"","background-media":"","overlay-type":"","overlay-color":"","overlay-opacity":"","overlay-gradient":""}},"footnotes":""},"class_list":["post-162266","page","type-page","status-publish","hentry"],"acf":[],"spectra_custom_meta":{"_cmplz_scanned_post":["1"],"_uag_css_file_name":["uag-css-162266.css"],"_uagb_previous_block_counts":["a:90:{s:21:\"uagb\/advanced-heading\";i:0;s:15:\"uagb\/blockquote\";i:0;s:12:\"uagb\/buttons\";i:0;s:18:\"uagb\/buttons-child\";i:0;s:19:\"uagb\/call-to-action\";i:0;s:15:\"uagb\/cf7-styler\";i:0;s:11:\"uagb\/column\";i:0;s:12:\"uagb\/columns\";i:0;s:14:\"uagb\/container\";i:0;s:21:\"uagb\/content-timeline\";i:0;s:27:\"uagb\/content-timeline-child\";i:0;s:14:\"uagb\/countdown\";i:0;s:12:\"uagb\/counter\";i:0;s:8:\"uagb\/faq\";i:0;s:14:\"uagb\/faq-child\";i:0;s:10:\"uagb\/forms\";i:0;s:17:\"uagb\/forms-accept\";i:0;s:19:\"uagb\/forms-checkbox\";i:0;s:15:\"uagb\/forms-date\";i:0;s:16:\"uagb\/forms-email\";i:0;s:17:\"uagb\/forms-hidden\";i:0;s:15:\"uagb\/forms-name\";i:0;s:16:\"uagb\/forms-phone\";i:0;s:16:\"uagb\/forms-radio\";i:0;s:17:\"uagb\/forms-select\";i:0;s:19:\"uagb\/forms-textarea\";i:0;s:17:\"uagb\/forms-toggle\";i:0;s:14:\"uagb\/forms-url\";i:0;s:14:\"uagb\/gf-styler\";i:0;s:15:\"uagb\/google-map\";i:0;s:11:\"uagb\/how-to\";i:0;s:16:\"uagb\/how-to-step\";i:0;s:9:\"uagb\/icon\";i:0;s:14:\"uagb\/icon-list\";i:0;s:20:\"uagb\/icon-list-child\";i:0;s:10:\"uagb\/image\";i:0;s:18:\"uagb\/image-gallery\";i:0;s:13:\"uagb\/info-box\";i:0;s:18:\"uagb\/inline-notice\";i:0;s:11:\"uagb\/lottie\";i:0;s:21:\"uagb\/marketing-button\";i:0;s:10:\"uagb\/modal\";i:0;s:18:\"uagb\/popup-builder\";i:0;s:16:\"uagb\/post-button\";i:0;s:18:\"uagb\/post-carousel\";i:0;s:17:\"uagb\/post-excerpt\";i:0;s:14:\"uagb\/post-grid\";i:0;s:15:\"uagb\/post-image\";i:0;s:17:\"uagb\/post-masonry\";i:0;s:14:\"uagb\/post-meta\";i:0;s:18:\"uagb\/post-taxonomy\";i:0;s:18:\"uagb\/post-timeline\";i:0;s:15:\"uagb\/post-title\";i:0;s:20:\"uagb\/restaurant-menu\";i:0;s:26:\"uagb\/restaurant-menu-child\";i:0;s:11:\"uagb\/review\";i:0;s:12:\"uagb\/section\";i:0;s:14:\"uagb\/separator\";i:0;s:11:\"uagb\/slider\";i:0;s:17:\"uagb\/slider-child\";i:0;s:17:\"uagb\/social-share\";i:0;s:23:\"uagb\/social-share-child\";i:0;s:16:\"uagb\/star-rating\";i:0;s:23:\"uagb\/sure-cart-checkout\";i:0;s:22:\"uagb\/sure-cart-product\";i:0;s:15:\"uagb\/sure-forms\";i:0;s:22:\"uagb\/table-of-contents\";i:0;s:9:\"uagb\/tabs\";i:0;s:15:\"uagb\/tabs-child\";i:0;s:18:\"uagb\/taxonomy-list\";i:0;s:9:\"uagb\/team\";i:0;s:16:\"uagb\/testimonial\";i:0;s:14:\"uagb\/wp-search\";i:0;s:19:\"uagb\/instagram-feed\";i:0;s:10:\"uagb\/login\";i:0;s:17:\"uagb\/loop-builder\";i:0;s:18:\"uagb\/loop-category\";i:0;s:20:\"uagb\/loop-pagination\";i:0;s:15:\"uagb\/loop-reset\";i:0;s:16:\"uagb\/loop-search\";i:0;s:14:\"uagb\/loop-sort\";i:0;s:17:\"uagb\/loop-wrapper\";i:0;s:13:\"uagb\/register\";i:0;s:19:\"uagb\/register-email\";i:0;s:24:\"uagb\/register-first-name\";i:0;s:23:\"uagb\/register-last-name\";i:0;s:22:\"uagb\/register-password\";i:0;s:30:\"uagb\/register-reenter-password\";i:0;s:19:\"uagb\/register-terms\";i:0;s:22:\"uagb\/register-username\";i:0;}"],"_uag_page_assets":["a:9:{s:3:\"css\";s:260:\".uag-blocks-common-selector{z-index:var(--z-index-desktop) !important}@media(max-width: 976px){.uag-blocks-common-selector{z-index:var(--z-index-tablet) !important}}@media(max-width: 767px){.uag-blocks-common-selector{z-index:var(--z-index-mobile) !important}}\";s:2:\"js\";s:0:\"\";s:18:\"current_block_list\";a:2:{i:0;s:18:\"complianz\/document\";i:1;s:26:\"polylang\/language-switcher\";}s:8:\"uag_flag\";b:0;s:11:\"uag_version\";s:10:\"1777478666\";s:6:\"gfonts\";a:0:{}s:10:\"gfonts_url\";s:0:\"\";s:12:\"gfonts_files\";a:0:{}s:14:\"uag_faq_layout\";b:0;}"]},"uagb_featured_image_src":{"full":false,"thumbnail":false,"medium":false,"medium_large":false,"large":false,"1536x1536":false,"2048x2048":false,"trp-custom-language-flag":false,"woocommerce_thumbnail":false,"woocommerce_single":false,"woocommerce_gallery_thumbnail":false},"uagb_author_info":{"display_name":"Rattio","author_link":"https:\/\/rattio.es\/ca\/author\/graciasseo\/"},"uagb_comment_info":0,"uagb_excerpt":null,"_links":{"self":[{"href":"https:\/\/rattio.es\/ca\/wp-json\/wp\/v2\/pages\/162266","targetHints":{"allow":["GET"]}}],"collection":[{"href":"https:\/\/rattio.es\/ca\/wp-json\/wp\/v2\/pages"}],"about":[{"href":"https:\/\/rattio.es\/ca\/wp-json\/wp\/v2\/types\/page"}],"author":[{"embeddable":true,"href":"https:\/\/rattio.es\/ca\/wp-json\/wp\/v2\/users\/1"}],"replies":[{"embeddable":true,"href":"https:\/\/rattio.es\/ca\/wp-json\/wp\/v2\/comments?post=162266"}],"version-history":[{"count":0,"href":"https:\/\/rattio.es\/ca\/wp-json\/wp\/v2\/pages\/162266\/revisions"}],"wp:attachment":[{"href":"https:\/\/rattio.es\/ca\/wp-json\/wp\/v2\/media?parent=162266"}],"curies":[{"name":"wp","href":"https:\/\/api.w.org\/{rel}","templated":true}]}}