{"id":162265,"date":"2025-09-22T16:59:28","date_gmt":"2025-09-22T14:59:28","guid":{"rendered":"https:\/\/rattio.es\/politica-de-cookies-ue\/"},"modified":"2025-09-22T16:59:28","modified_gmt":"2025-09-22T14:59:28","slug":"politica-de-cookies-ue","status":"publish","type":"page","link":"https:\/\/rattio.es\/ca\/politica-de-cookies-ue\/","title":{"rendered":"Pol\u00edtica de cookies (UE)"},"content":{"rendered":"<!-- Legal document generated by Complianz | GDPR\/CCPA Cookie Consent https:\/\/wordpress.org\/plugins\/complianz-gdpr -->\n<div id=\"cmplz-document\" class=\"cmplz-document cookie-statement cmplz-document-eu\"><p><i>Aquesta Pol\u00edtica de galetes es va actualitzar per \u00faltima vegada el 05\/11\/2025 i s&#8217;aplica als ciutadans i residents permanents legals de l&#8217;Espai Econ\u00f2mic Europeu i Su\u00efssa.<\/i><br><\/p><h2>1. Introducci\u00f3<\/h2><p>El nostre lloc web, <a href=\"https:\/\/rattio.es\/ca\">https:\/\/rattio.es\/ca<\/a> (d&#8217;ara endavant: \u00abel lloc web\u00bb) utilitza galetes i altres tecnologies relacionades (per comoditat, totes les tecnologies s&#8217;anomenen \u00abcookies\u00bb). Les galetes tamb\u00e9 les col\u00b7loquen tercers que hem contractat. En el document seg\u00fcent us informem sobre l&#8217;\u00fas de cookies al nostre lloc web.  <\/p><h2>2. Qu\u00e8 s\u00f3n les galetes?<\/h2><p>Una galeta \u00e9s un petit fitxer senzill que s&#8217;envia juntament amb les p\u00e0gines d&#8217;aquest lloc web i s&#8217;emmagatzema pel vostre navegador al disc dur del vostre ordinador o un altre dispositiu. La informaci\u00f3 que s&#8217;hi emmagatzema pot ser retornada als nostres servidors o als servidors dels tercers corresponents durant una visita posterior. <\/p><h2>3. Qu\u00e8 s\u00f3n els guions?<\/h2><p>Un script \u00e9s un fragment de codi de programa que s&#8217;utilitza per fer que el nostre lloc web funcioni correctament i de manera interactiva. Aquest codi s&#8217;executa al nostre servidor o al vostre dispositiu. <\/p><h2>4. Qu\u00e8 \u00e9s una balisa web?<\/h2><p>Una balisa web (o una etiqueta de p\u00edxel) \u00e9s una petita part invisible de text o imatge d&#8217;un lloc web que s&#8217;utilitza per controlar el tr\u00e0nsit d&#8217;un lloc web. Per fer-ho, s&#8217;emmagatzemen diverses dades sobre vost\u00e8 mitjan\u00e7ant balises web. <\/p><h2>5. Galetes<\/h2><p class=\"cmplz-subtitle\">5.1 Cookies t\u00e8cniques o funcionals<\/p><p>Algunes galetes garanteixen que determinades parts del lloc web funcionin correctament i que es coneguin les vostres prefer\u00e8ncies d&#8217;usuari. En col\u00b7locar galetes funcionals, us facilitem la visita al nostre lloc web. D&#8217;aquesta manera, no cal que introdu\u00efu repetidament la mateixa informaci\u00f3 quan visiteu el nostre lloc web i, per exemple, els articles romandran a la vostra cistella de la compra fins que h\u00e0giu pagat. Podem col\u00b7locar aquestes cookies sense el vostre consentiment.   <\/p><p class=\"cmplz-subtitle\">5.2 Cookies d&#039;estad\u00edstica<\/p><p>Utilitzem cookies d&#8217;estad\u00edstiques per optimitzar l&#8217;experi\u00e8ncia del lloc web per als nostres usuaris. Amb aquestes galetes estad\u00edstiques obtenim informaci\u00f3 sobre l&#8217;\u00fas del nostre lloc web. &nbsp;Us demanem perm\u00eds per col\u00b7locar cookies d&#8217;estad\u00edstiques.<\/p><p class=\"cmplz-subtitle\">5.3 Cookies de m\u00e0rqueting\/seguiment<\/p><p>Les galetes de m\u00e0rqueting\/seguiment s\u00f3n galetes o qualsevol altra forma d&#8217;emmagatzematge local que s&#8217;utilitzen per crear perfils d&#8217;usuari per mostrar publicitat o per fer un seguiment de l&#8217;usuari en aquest lloc web o en diversos llocs web amb finalitats de m\u00e0rqueting similars.<\/p><p class=\"cmplz-subtitle\">5.4 Mitjans socials<\/p><p>Al nostre lloc web, hem incl\u00f2s contingut de Facebook i Instagram per promocionar p\u00e0gines web (per exemple, \u201cm&#8217;agrada\u201d, \u201cpin\u201d) o compartir (per exemple, \u201ctuitejar\u201d) a xarxes socials com Facebook i Instagram. Aquest contingut est\u00e0 incrustat amb codi derivat de Facebook i Instagram i col\u00b7loca galetes. Aquest contingut pot emmagatzemar i processar certa informaci\u00f3 per a publicitat personalitzada.  <\/p><p>Si us plau, llegiu la declaraci\u00f3 de privadesa d&#8217;aquestes xarxes socials (que poden canviar regularment) per llegir qu\u00e8 fan amb les vostres dades (personals) que tracten mitjan\u00e7ant aquestes galetes. Les dades que es recuperen s&#8217;anonimitzaven tant com sigui possible.  Facebook i Instagram es troben als Estats Units.<\/p><h2>6. Col\u00b7locades galetes<\/h2><div id=\"cmplz-cookies-overview\"><\/div><h2>7. Consentiment<\/h2><p>Quan visiteu el nostre lloc web per primera vegada, us mostrarem una finestra emergent amb una explicaci\u00f3 sobre les galetes. Tan bon punt feu clic a \u00abGuardar preferencias\u00bb, ens consentiu que utilitzem les categories de galetes i complements que heu seleccionat a la finestra emergent, tal com es descriu en aquesta Pol\u00edtica de galetes. Podeu desactivar l&#8217;\u00fas de cookies mitjan\u00e7ant el vostre navegador, per\u00f2 tingueu en compte que \u00e9s possible que el nostre lloc web ja no funcioni correctament.  <\/p><p class=\"cmplz-subtitle\">7.1 Gestioneu la vostra configuraci\u00f3 de consentiment<\/p><div id=\"cmplz-manage-consent-container-nojavascript\">Heu carregat la Pol\u00edtica de galetes sense suport javascript.&nbsp;A AMP, podeu utilitzar el bot\u00f3 de gesti\u00f3 del consentiment a la part inferior de la p\u00e0gina.<\/div><div id=\"cmplz-manage-consent-container\" name=\"cmplz-manage-consent-container\" class=\"cmplz-manage-consent-container\"><\/div><h2>8. Habilitaci\u00f3\/desactivaci\u00f3 i eliminaci\u00f3 de cookies<\/h2><p>Podeu utilitzar el vostre navegador d&#8217;Internet per eliminar les galetes autom\u00e0ticament o manualment. Tamb\u00e9 podeu especificar que algunes galetes no es col\u00b7loquin. Una altra opci\u00f3 \u00e9s canviar la configuraci\u00f3 del vostre navegador d&#8217;Internet perqu\u00e8 rebeu un missatge cada vegada que es col\u00b7loqui una galeta. Per obtenir m\u00e9s informaci\u00f3 sobre aquestes opcions, consulteu les instruccions de la secci\u00f3 Ajuda del vostre navegador.   <\/p><p>Tingueu en compte que el nostre lloc web pot no funcionar correctament si totes les galetes estan desactivades. Si elimineu les galetes del vostre navegador, es tornaran a col\u00b7locar despr\u00e9s del vostre consentiment quan torneu a visitar el nostre lloc web. <\/p><h2>9. Els teus drets respecte a les dades personals<\/h2><p>Teniu els seg\u00fcents drets respecte a les vostres dades personals:<\/p><ul>\n                    <li>Teniu dret a saber per qu\u00e8 es necessiten les vostres dades personals, qu\u00e8 hi passar\u00e0 i quant de temps es conservaran.<\/li>\n                    <li>Dret d&#8217;acc\u00e9s: tens dret a accedir a les teves dades personals que coneixem.<\/li>\n                    <li>Dret de rectificaci\u00f3: t\u00e9 dret a complementar, corregir, suprimir o bloquejar les seves dades personals sempre que ho desitgi.<\/li>\n                    <li>Si ens doneu el vostre consentiment per tractar les vostres dades, teniu dret a revocar aquest consentiment i a que se suprimeixin les vostres dades personals.<\/li>\n                    <li>Dret a transferir les seves dades: t\u00e9 dret a sol\u00b7licitar totes les seves dades personals al responsable del tractament i transferir-les \u00edntegrament a un altre responsable.<\/li>\n                    <li>Dret d&#8217;oposici\u00f3: podeu oposar-vos al tractament de les vostres dades. Complim amb aix\u00f2, llevat que hi hagi motius justificats per al tractament. <\/li>\n                <\/ul><p>Per exercir aquests drets, poseu-vos en contacte amb nosaltres. Consulteu les dades de contacte a la part inferior d&#8217;aquesta Pol\u00edtica de galetes. Si tens una queixa sobre com tractem les teves dades, ens agradaria saber de tu, per\u00f2 tamb\u00e9 tens dret a presentar una queixa davant l&#8217;autoritat de control (l&#8217;Autoritat de Protecci\u00f3 de Dades).  <\/p><h2>10. Dades de contacte<\/h2><p>Per a preguntes i\/o comentaris sobre la nostra Pol\u00edtica de galetes i aquesta declaraci\u00f3, poseu-vos en contacte amb nosaltres mitjan\u00e7ant les seg\u00fcents dades de contacte:<\/p><p><span class=\"cmplz-contact-organisation\">Col.lectiu LDS, SCCL<\/span><br>\n                      <span class=\"cmplz-contact-address\">Lepant n\u00ba221, 1ro, 2nda, 08013, Barcelona<\/span><br>\n                      <span class=\"cmplz-contact-country\">Espanya<\/span><br>\n                    Lloc web: <span class=\"cmplz-contact-domain\"><a href=\"https:\/\/rattio.es\/ca\">https:\/\/rattio.es\/ca<\/a><\/span><br>\n                    Correu electr\u00f2nic: <span class=\"cmplz-contact-email\"><span class=\"cmplz-obfuscate\">&#099;ont&#097;cto@<span class=\"cmplz-fmail-domain\">&#101;x&#046;&#099;o&#109;<\/span>rattio.e&#115;<\/span><\/span><br>\n                    <span class=\"cmplz-contact-telephone\">Tel\u00e8fon: 600000000<\/span><\/p><p>Aquesta pol\u00edtica de galetes s&#8217;ha sincronitzat amb %scookiedatabase.org% a %s.<\/p><\/div>","protected":false},"excerpt":{"rendered":"","protected":false},"author":1,"featured_media":0,"parent":0,"menu_order":0,"comment_status":"closed","ping_status":"closed","template":"","meta":{"_acf_changed":false,"_uag_custom_page_level_css":"","site-sidebar-layout":"default","site-content-layout":"","ast-site-content-layout":"default","site-content-style":"default","site-sidebar-style":"default","ast-global-header-display":"","ast-banner-title-visibility":"","ast-main-header-display":"","ast-hfb-above-header-display":"","ast-hfb-below-header-display":"","ast-hfb-mobile-header-display":"","site-post-title":"","ast-breadcrumbs-content":"","ast-featured-img":"","footer-sml-layout":"","ast-disable-related-posts":"","theme-transparent-header-meta":"","adv-header-id-meta":"","stick-header-meta":"","header-above-stick-meta":"","header-main-stick-meta":"","header-below-stick-meta":"","astra-migrate-meta-layouts":"default","ast-page-background-enabled":"default","ast-page-background-meta":{"desktop":{"background-color":"var(--ast-global-color-5)","background-image":"","background-repeat":"repeat","background-position":"center center","background-size":"auto","background-attachment":"scroll","background-type":"","background-media":"","overlay-type":"","overlay-color":"","overlay-opacity":"","overlay-gradient":""},"tablet":{"background-color":"","background-image":"","background-repeat":"repeat","background-position":"center center","background-size":"auto","background-attachment":"scroll","background-type":"","background-media":"","overlay-type":"","overlay-color":"","overlay-opacity":"","overlay-gradient":""},"mobile":{"background-color":"","background-image":"","background-repeat":"repeat","background-position":"center center","background-size":"auto","background-attachment":"scroll","background-type":"","background-media":"","overlay-type":"","overlay-color":"","overlay-opacity":"","overlay-gradient":""}},"ast-content-background-meta":{"desktop":{"background-color":"var(--ast-global-color-4)","background-image":"","background-repeat":"repeat","background-position":"center center","background-size":"auto","background-attachment":"scroll","background-type":"","background-media":"","overlay-type":"","overlay-color":"","overlay-opacity":"","overlay-gradient":""},"tablet":{"background-color":"var(--ast-global-color-4)","background-image":"","background-repeat":"repeat","background-position":"center center","background-size":"auto","background-attachment":"scroll","background-type":"","background-media":"","overlay-type":"","overlay-color":"","overlay-opacity":"","overlay-gradient":""},"mobile":{"background-color":"var(--ast-global-color-4)","background-image":"","background-repeat":"repeat","background-position":"center center","background-size":"auto","background-attachment":"scroll","background-type":"","background-media":"","overlay-type":"","overlay-color":"","overlay-opacity":"","overlay-gradient":""}},"footnotes":""},"class_list":["post-162265","page","type-page","status-publish","hentry"],"acf":[],"spectra_custom_meta":{"_cmplz_scanned_post":["1"],"_uag_css_file_name":["uag-css-162265.css"],"_uagb_previous_block_counts":["a:90:{s:21:\"uagb\/advanced-heading\";i:0;s:15:\"uagb\/blockquote\";i:0;s:12:\"uagb\/buttons\";i:0;s:18:\"uagb\/buttons-child\";i:0;s:19:\"uagb\/call-to-action\";i:0;s:15:\"uagb\/cf7-styler\";i:0;s:11:\"uagb\/column\";i:0;s:12:\"uagb\/columns\";i:0;s:14:\"uagb\/container\";i:0;s:21:\"uagb\/content-timeline\";i:0;s:27:\"uagb\/content-timeline-child\";i:0;s:14:\"uagb\/countdown\";i:0;s:12:\"uagb\/counter\";i:0;s:8:\"uagb\/faq\";i:0;s:14:\"uagb\/faq-child\";i:0;s:10:\"uagb\/forms\";i:0;s:17:\"uagb\/forms-accept\";i:0;s:19:\"uagb\/forms-checkbox\";i:0;s:15:\"uagb\/forms-date\";i:0;s:16:\"uagb\/forms-email\";i:0;s:17:\"uagb\/forms-hidden\";i:0;s:15:\"uagb\/forms-name\";i:0;s:16:\"uagb\/forms-phone\";i:0;s:16:\"uagb\/forms-radio\";i:0;s:17:\"uagb\/forms-select\";i:0;s:19:\"uagb\/forms-textarea\";i:0;s:17:\"uagb\/forms-toggle\";i:0;s:14:\"uagb\/forms-url\";i:0;s:14:\"uagb\/gf-styler\";i:0;s:15:\"uagb\/google-map\";i:0;s:11:\"uagb\/how-to\";i:0;s:16:\"uagb\/how-to-step\";i:0;s:9:\"uagb\/icon\";i:0;s:14:\"uagb\/icon-list\";i:0;s:20:\"uagb\/icon-list-child\";i:0;s:10:\"uagb\/image\";i:0;s:18:\"uagb\/image-gallery\";i:0;s:13:\"uagb\/info-box\";i:0;s:18:\"uagb\/inline-notice\";i:0;s:11:\"uagb\/lottie\";i:0;s:21:\"uagb\/marketing-button\";i:0;s:10:\"uagb\/modal\";i:0;s:18:\"uagb\/popup-builder\";i:0;s:16:\"uagb\/post-button\";i:0;s:18:\"uagb\/post-carousel\";i:0;s:17:\"uagb\/post-excerpt\";i:0;s:14:\"uagb\/post-grid\";i:0;s:15:\"uagb\/post-image\";i:0;s:17:\"uagb\/post-masonry\";i:0;s:14:\"uagb\/post-meta\";i:0;s:18:\"uagb\/post-taxonomy\";i:0;s:18:\"uagb\/post-timeline\";i:0;s:15:\"uagb\/post-title\";i:0;s:20:\"uagb\/restaurant-menu\";i:0;s:26:\"uagb\/restaurant-menu-child\";i:0;s:11:\"uagb\/review\";i:0;s:12:\"uagb\/section\";i:0;s:14:\"uagb\/separator\";i:0;s:11:\"uagb\/slider\";i:0;s:17:\"uagb\/slider-child\";i:0;s:17:\"uagb\/social-share\";i:0;s:23:\"uagb\/social-share-child\";i:0;s:16:\"uagb\/star-rating\";i:0;s:23:\"uagb\/sure-cart-checkout\";i:0;s:22:\"uagb\/sure-cart-product\";i:0;s:15:\"uagb\/sure-forms\";i:0;s:22:\"uagb\/table-of-contents\";i:0;s:9:\"uagb\/tabs\";i:0;s:15:\"uagb\/tabs-child\";i:0;s:18:\"uagb\/taxonomy-list\";i:0;s:9:\"uagb\/team\";i:0;s:16:\"uagb\/testimonial\";i:0;s:14:\"uagb\/wp-search\";i:0;s:19:\"uagb\/instagram-feed\";i:0;s:10:\"uagb\/login\";i:0;s:17:\"uagb\/loop-builder\";i:0;s:18:\"uagb\/loop-category\";i:0;s:20:\"uagb\/loop-pagination\";i:0;s:15:\"uagb\/loop-reset\";i:0;s:16:\"uagb\/loop-search\";i:0;s:14:\"uagb\/loop-sort\";i:0;s:17:\"uagb\/loop-wrapper\";i:0;s:13:\"uagb\/register\";i:0;s:19:\"uagb\/register-email\";i:0;s:24:\"uagb\/register-first-name\";i:0;s:23:\"uagb\/register-last-name\";i:0;s:22:\"uagb\/register-password\";i:0;s:30:\"uagb\/register-reenter-password\";i:0;s:19:\"uagb\/register-terms\";i:0;s:22:\"uagb\/register-username\";i:0;}"],"_uag_page_assets":["a:9:{s:3:\"css\";s:260:\".uag-blocks-common-selector{z-index:var(--z-index-desktop) !important}@media(max-width: 976px){.uag-blocks-common-selector{z-index:var(--z-index-tablet) !important}}@media(max-width: 767px){.uag-blocks-common-selector{z-index:var(--z-index-mobile) !important}}\";s:2:\"js\";s:0:\"\";s:18:\"current_block_list\";a:2:{i:0;s:18:\"complianz\/document\";i:1;s:26:\"polylang\/language-switcher\";}s:8:\"uag_flag\";b:0;s:11:\"uag_version\";s:10:\"1777461312\";s:6:\"gfonts\";a:0:{}s:10:\"gfonts_url\";s:0:\"\";s:12:\"gfonts_files\";a:0:{}s:14:\"uag_faq_layout\";b:0;}"]},"uagb_featured_image_src":{"full":false,"thumbnail":false,"medium":false,"medium_large":false,"large":false,"1536x1536":false,"2048x2048":false,"trp-custom-language-flag":false,"woocommerce_thumbnail":false,"woocommerce_single":false,"woocommerce_gallery_thumbnail":false},"uagb_author_info":{"display_name":"Rattio","author_link":"https:\/\/rattio.es\/ca\/author\/graciasseo\/"},"uagb_comment_info":0,"uagb_excerpt":null,"_links":{"self":[{"href":"https:\/\/rattio.es\/ca\/wp-json\/wp\/v2\/pages\/162265","targetHints":{"allow":["GET"]}}],"collection":[{"href":"https:\/\/rattio.es\/ca\/wp-json\/wp\/v2\/pages"}],"about":[{"href":"https:\/\/rattio.es\/ca\/wp-json\/wp\/v2\/types\/page"}],"author":[{"embeddable":true,"href":"https:\/\/rattio.es\/ca\/wp-json\/wp\/v2\/users\/1"}],"replies":[{"embeddable":true,"href":"https:\/\/rattio.es\/ca\/wp-json\/wp\/v2\/comments?post=162265"}],"version-history":[{"count":0,"href":"https:\/\/rattio.es\/ca\/wp-json\/wp\/v2\/pages\/162265\/revisions"}],"wp:attachment":[{"href":"https:\/\/rattio.es\/ca\/wp-json\/wp\/v2\/media?parent=162265"}],"curies":[{"name":"wp","href":"https:\/\/api.w.org\/{rel}","templated":true}]}}